{"id":5330,"date":"2022-04-04T13:15:19","date_gmt":"2022-04-04T13:15:19","guid":{"rendered":"https:\/\/vqws.de\/impressum\/"},"modified":"2025-09-05T11:48:26","modified_gmt":"2025-09-05T11:48:26","slug":"stopka-redakcyjna","status":"publish","type":"page","link":"https:\/\/vqws.de\/pl\/stopka-redakcyjna\/","title":{"rendered":"Stopka redakcyjna"},"content":{"rendered":"\t\t<div data-elementor-type=\"wp-page\" data-elementor-id=\"5330\" class=\"elementor elementor-5330 elementor-18\" data-elementor-post-type=\"page\">\n\t\t\t\t\t\t<section class=\"elementor-section elementor-top-section elementor-element elementor-element-0622668 elementor-section-boxed elementor-section-height-default elementor-section-height-default\" data-id=\"0622668\" data-element_type=\"section\" data-e-type=\"section\">\n\t\t\t\t\t\t<div class=\"elementor-container elementor-column-gap-default\">\n\t\t\t\t\t<div class=\"elementor-column elementor-col-100 elementor-top-column elementor-element elementor-element-2d94d63\" data-id=\"2d94d63\" data-element_type=\"column\" data-e-type=\"column\">\n\t\t\t<div class=\"elementor-widget-wrap elementor-element-populated\">\n\t\t\t\t\t\t<div class=\"elementor-element elementor-element-26fc983 elementor-widget elementor-widget-text-editor\" data-id=\"26fc983\" data-element_type=\"widget\" data-e-type=\"widget\" data-widget_type=\"text-editor.default\">\n\t\t\t\t<div class=\"elementor-widget-container\">\n\t\t\t\t\t\t\t\t\t<article>\n<div data-elementor-type=\"wp-page\" data-elementor-id=\"18\" data-elementor-post-type=\"page\">\n<section data-id=\"1d3adaaa\" data-element_type=\"section\">\n<div data-id=\"5324d423\" data-element_type=\"column\">\n<div data-id=\"55a2ab8b\" data-element_type=\"widget\" data-widget_type=\"text-editor.default\">\n<h1>Stopka redakcyjna<\/h1>\n<h2>Informacje zgodnie z \u00a75 niemieckiej ustawy o telemediach (TMG)<\/h2>\n<p>Verband f\u00fcr Qualifikation und Wissenstransfer in der Schraubtechnik e.V.<br>VDI-Platz 1<br>40468 D\u00fcsseldorf<\/p>\n<p>Rejestr stowarzysze\u0144: VR12181<br>S\u0105d rejestrowy: S\u0105d Rejonowy w D\u00fcsseldorfie<\/p>\n<p><strong>Reprezentowane przez:<\/strong><br>Pierwszy przewodnicz\u0105cy zarz\u0105du<br>Hans-Martin Hanke<\/p>\n<h2>Kontakt<\/h2>\n<p>Telefon: +49-171-5254101<br>E-Mail: erster-vorstand@vqws.de<\/p>\n<h2>Adres pocztowy:<\/h2>\n<p>VQWS e.V.<br>Am Thannenmais 16a<br>D \u2013 94419 Reisbach<\/p>\n<h2>Numer identyfikacyjny VAT<\/h2>\n<p>Numer identyfikacyjny VAT zgodnie z \u00a7 27 a niemieckiej ustawy o podatku od towar\u00f3w i us\u0142ug (Umsatzsteuergesetz):<br>510 558 942 605<\/p>\n<h2>Odpowiedzialno\u015b\u0107 redakcyjna<\/h2>\n<p>Hans-Martin Hanke<span style=\"color: #ffffff;\">t<\/span><\/p>\n<\/div>\n<\/div>\n<\/section>\n<\/div>\n<\/article>\t\t\t\t\t\t\t\t<\/div>\n\t\t\t\t<\/div>\n\t\t\t\t\t<\/div>\n\t\t<\/div>\n\t\t\t\t\t<\/div>\n\t\t<\/section>\n\t\t\t\t<\/div>\n\t\t","protected":false},"excerpt":{"rendered":"<p>Stopka redakcyjna Informacje zgodnie z \u00a75 niemieckiej ustawy o telemediach (TMG) Verband f\u00fcr Qualifikation und Wissenstransfer in der Schraubtechnik e.V.VDI-Platz 140468 D\u00fcsseldorf Rejestr stowarzysze\u0144: VR12181S\u0105d rejestrowy: S\u0105d Rejonowy w D\u00fcsseldorfie Reprezentowane przez:Pierwszy przewodnicz\u0105cy zarz\u0105duHans-Martin Hanke Kontakt Telefon: +49-171-5254101E-Mail: erster-vorstand@vqws.de Adres pocztowy: VQWS e.V.Am Thannenmais 16aD \u2013 94419 Reisbach Numer identyfikacyjny VAT Numer identyfikacyjny VAT zgodnie [&hellip;]<\/p>\n","protected":false},"author":1,"featured_media":0,"parent":0,"menu_order":0,"comment_status":"closed","ping_status":"closed","template":"elementor_theme","meta":{"_acf_changed":false,"site-sidebar-layout":"default","site-content-layout":"default","ast-site-content-layout":"default","site-content-style":"default","site-sidebar-style":"default","ast-global-header-display":"","ast-banner-title-visibility":"","ast-main-header-display":"","ast-hfb-above-header-display":"","ast-hfb-below-header-display":"","ast-hfb-mobile-header-display":"","site-post-title":"disabled","ast-breadcrumbs-content":"","ast-featured-img":"","footer-sml-layout":"","ast-disable-related-posts":"","theme-transparent-header-meta":"default","adv-header-id-meta":"","stick-header-meta":"","header-above-stick-meta":"","header-main-stick-meta":"","header-below-stick-meta":"","astra-migrate-meta-layouts":"set","ast-page-background-enabled":"default","ast-page-background-meta":{"desktop":{"background-color":"var(--ast-global-color-4)","background-image":"","background-repeat":"repeat","background-position":"center center","background-size":"auto","background-attachment":"scroll","background-type":"","background-media":"","overlay-type":"","overlay-color":"","overlay-opacity":"","overlay-gradient":""},"tablet":{"background-color":"","background-image":"","background-repeat":"repeat","background-position":"center center","background-size":"auto","background-attachment":"scroll","background-type":"","background-media":"","overlay-type":"","overlay-color":"","overlay-opacity":"","overlay-gradient":""},"mobile":{"background-color":"","background-image":"","background-repeat":"repeat","background-position":"center center","background-size":"auto","background-attachment":"scroll","background-type":"","background-media":"","overlay-type":"","overlay-color":"","overlay-opacity":"","overlay-gradient":""}},"ast-content-background-meta":{"desktop":{"background-color":"var(--ast-global-color-5)","background-image":"","background-repeat":"repeat","background-position":"center center","background-size":"auto","background-attachment":"scroll","background-type":"","background-media":"","overlay-type":"","overlay-color":"","overlay-opacity":"","overlay-gradient":""},"tablet":{"background-color":"var(--ast-global-color-5)","background-image":"","background-repeat":"repeat","background-position":"center center","background-size":"auto","background-attachment":"scroll","background-type":"","background-media":"","overlay-type":"","overlay-color":"","overlay-opacity":"","overlay-gradient":""},"mobile":{"background-color":"var(--ast-global-color-5)","background-image":"","background-repeat":"repeat","background-position":"center center","background-size":"auto","background-attachment":"scroll","background-type":"","background-media":"","overlay-type":"","overlay-color":"","overlay-opacity":"","overlay-gradient":""}},"footnotes":""},"class_list":["post-5330","page","type-page","status-publish","hentry"],"acf":[],"yoast_head":"<!-- This site is optimized with the Yoast SEO plugin v27.4 - https:\/\/yoast.com\/product\/yoast-seo-wordpress\/ -->\n<title>Stopka redakcyjna - VQWS<\/title>\n<meta name=\"robots\" content=\"noindex, nofollow\" \/>\n<meta property=\"og:locale\" content=\"pl_PL\" \/>\n<meta property=\"og:type\" content=\"article\" \/>\n<meta property=\"og:title\" content=\"Stopka redakcyjna - VQWS\" \/>\n<meta property=\"og:description\" content=\"Stopka redakcyjna Informacje zgodnie z \u00a75 niemieckiej ustawy o telemediach (TMG) Verband f\u00fcr Qualifikation und Wissenstransfer in der Schraubtechnik e.V.VDI-Platz 140468 D\u00fcsseldorf Rejestr stowarzysze\u0144: VR12181S\u0105d rejestrowy: S\u0105d Rejonowy w D\u00fcsseldorfie Reprezentowane przez:Pierwszy przewodnicz\u0105cy zarz\u0105duHans-Martin Hanke Kontakt Telefon: +49-171-5254101E-Mail: erster-vorstand@vqws.de Adres pocztowy: VQWS e.V.Am Thannenmais 16aD \u2013 94419 Reisbach Numer identyfikacyjny VAT Numer identyfikacyjny VAT zgodnie [&hellip;]\" \/>\n<meta property=\"og:url\" content=\"https:\/\/vqws.de\/pl\/stopka-redakcyjna\/\" \/>\n<meta property=\"og:site_name\" content=\"VQWS\" \/>\n<meta property=\"article:modified_time\" content=\"2025-09-05T11:48:26+00:00\" \/>\n<meta name=\"twitter:card\" content=\"summary_large_image\" \/>\n<meta name=\"twitter:label1\" content=\"Szacowany czas czytania\" \/>\n\t<meta name=\"twitter:data1\" content=\"1 minuta\" \/>\n<script type=\"application\/ld+json\" class=\"yoast-schema-graph\">{\"@context\":\"https:\\\/\\\/schema.org\",\"@graph\":[{\"@type\":\"WebPage\",\"@id\":\"https:\\\/\\\/vqws.de\\\/pl\\\/stopka-redakcyjna\\\/\",\"url\":\"https:\\\/\\\/vqws.de\\\/pl\\\/stopka-redakcyjna\\\/\",\"name\":\"Stopka redakcyjna - VQWS\",\"isPartOf\":{\"@id\":\"https:\\\/\\\/vqws.de\\\/#website\"},\"datePublished\":\"2022-04-04T13:15:19+00:00\",\"dateModified\":\"2025-09-05T11:48:26+00:00\",\"breadcrumb\":{\"@id\":\"https:\\\/\\\/vqws.de\\\/pl\\\/stopka-redakcyjna\\\/#breadcrumb\"},\"inLanguage\":\"pl-PL\",\"potentialAction\":[{\"@type\":\"ReadAction\",\"target\":[\"https:\\\/\\\/vqws.de\\\/pl\\\/stopka-redakcyjna\\\/\"]}]},{\"@type\":\"BreadcrumbList\",\"@id\":\"https:\\\/\\\/vqws.de\\\/pl\\\/stopka-redakcyjna\\\/#breadcrumb\",\"itemListElement\":[{\"@type\":\"ListItem\",\"position\":1,\"name\":\"Startseite\",\"item\":\"https:\\\/\\\/vqws.de\\\/pl\\\/\"},{\"@type\":\"ListItem\",\"position\":2,\"name\":\"Stopka redakcyjna\"}]},{\"@type\":\"WebSite\",\"@id\":\"https:\\\/\\\/vqws.de\\\/#website\",\"url\":\"https:\\\/\\\/vqws.de\\\/\",\"name\":\"VQWS\",\"description\":\"Verband f\u00fcr Qualifikation und Wissenstransfer in der Schraubtechnik e.V.\",\"potentialAction\":[{\"@type\":\"SearchAction\",\"target\":{\"@type\":\"EntryPoint\",\"urlTemplate\":\"https:\\\/\\\/vqws.de\\\/?s={search_term_string}\"},\"query-input\":{\"@type\":\"PropertyValueSpecification\",\"valueRequired\":true,\"valueName\":\"search_term_string\"}}],\"inLanguage\":\"pl-PL\"}]}<\/script>\n<!-- \/ Yoast SEO plugin. -->","yoast_head_json":{"title":"Stopka redakcyjna - VQWS","robots":{"index":"noindex","follow":"nofollow"},"og_locale":"pl_PL","og_type":"article","og_title":"Stopka redakcyjna - VQWS","og_description":"Stopka redakcyjna Informacje zgodnie z \u00a75 niemieckiej ustawy o telemediach (TMG) Verband f\u00fcr Qualifikation und Wissenstransfer in der Schraubtechnik e.V.VDI-Platz 140468 D\u00fcsseldorf Rejestr stowarzysze\u0144: VR12181S\u0105d rejestrowy: S\u0105d Rejonowy w D\u00fcsseldorfie Reprezentowane przez:Pierwszy przewodnicz\u0105cy zarz\u0105duHans-Martin Hanke Kontakt Telefon: +49-171-5254101E-Mail: erster-vorstand@vqws.de Adres pocztowy: VQWS e.V.Am Thannenmais 16aD \u2013 94419 Reisbach Numer identyfikacyjny VAT Numer identyfikacyjny VAT zgodnie [&hellip;]","og_url":"https:\/\/vqws.de\/pl\/stopka-redakcyjna\/","og_site_name":"VQWS","article_modified_time":"2025-09-05T11:48:26+00:00","twitter_card":"summary_large_image","twitter_misc":{"Szacowany czas czytania":"1 minuta"},"schema":{"@context":"https:\/\/schema.org","@graph":[{"@type":"WebPage","@id":"https:\/\/vqws.de\/pl\/stopka-redakcyjna\/","url":"https:\/\/vqws.de\/pl\/stopka-redakcyjna\/","name":"Stopka redakcyjna - VQWS","isPartOf":{"@id":"https:\/\/vqws.de\/#website"},"datePublished":"2022-04-04T13:15:19+00:00","dateModified":"2025-09-05T11:48:26+00:00","breadcrumb":{"@id":"https:\/\/vqws.de\/pl\/stopka-redakcyjna\/#breadcrumb"},"inLanguage":"pl-PL","potentialAction":[{"@type":"ReadAction","target":["https:\/\/vqws.de\/pl\/stopka-redakcyjna\/"]}]},{"@type":"BreadcrumbList","@id":"https:\/\/vqws.de\/pl\/stopka-redakcyjna\/#breadcrumb","itemListElement":[{"@type":"ListItem","position":1,"name":"Startseite","item":"https:\/\/vqws.de\/pl\/"},{"@type":"ListItem","position":2,"name":"Stopka redakcyjna"}]},{"@type":"WebSite","@id":"https:\/\/vqws.de\/#website","url":"https:\/\/vqws.de\/","name":"VQWS","description":"Verband f\u00fcr Qualifikation und Wissenstransfer in der Schraubtechnik e.V.","potentialAction":[{"@type":"SearchAction","target":{"@type":"EntryPoint","urlTemplate":"https:\/\/vqws.de\/?s={search_term_string}"},"query-input":{"@type":"PropertyValueSpecification","valueRequired":true,"valueName":"search_term_string"}}],"inLanguage":"pl-PL"}]}},"_links":{"self":[{"href":"https:\/\/vqws.de\/pl\/wp-json\/wp\/v2\/pages\/5330","targetHints":{"allow":["GET"]}}],"collection":[{"href":"https:\/\/vqws.de\/pl\/wp-json\/wp\/v2\/pages"}],"about":[{"href":"https:\/\/vqws.de\/pl\/wp-json\/wp\/v2\/types\/page"}],"author":[{"embeddable":true,"href":"https:\/\/vqws.de\/pl\/wp-json\/wp\/v2\/users\/1"}],"replies":[{"embeddable":true,"href":"https:\/\/vqws.de\/pl\/wp-json\/wp\/v2\/comments?post=5330"}],"version-history":[{"count":16,"href":"https:\/\/vqws.de\/pl\/wp-json\/wp\/v2\/pages\/5330\/revisions"}],"predecessor-version":[{"id":5350,"href":"https:\/\/vqws.de\/pl\/wp-json\/wp\/v2\/pages\/5330\/revisions\/5350"}],"wp:attachment":[{"href":"https:\/\/vqws.de\/pl\/wp-json\/wp\/v2\/media?parent=5330"}],"curies":[{"name":"wp","href":"https:\/\/api.w.org\/{rel}","templated":true}]}}