{"id":5315,"date":"2024-07-29T10:12:55","date_gmt":"2024-07-29T10:12:55","guid":{"rendered":"https:\/\/vqws.de\/vqws-zertifikate\/"},"modified":"2025-09-10T06:54:36","modified_gmt":"2025-09-10T06:54:36","slug":"potwierdzenie-certyfikatu","status":"publish","type":"page","link":"https:\/\/vqws.de\/pl\/potwierdzenie-certyfikatu\/","title":{"rendered":"POTWIERDZENIE CERTYFIKATU"},"content":{"rendered":"\t\t<div data-elementor-type=\"wp-page\" data-elementor-id=\"5315\" class=\"elementor elementor-5315 elementor-2235\" data-elementor-post-type=\"page\">\n\t\t\t\t\t\t<section class=\"elementor-section elementor-top-section elementor-element elementor-element-df84ab5 elementor-section-stretched elementor-section-boxed elementor-section-height-default elementor-section-height-default\" data-id=\"df84ab5\" data-element_type=\"section\" data-e-type=\"section\" data-settings=\"{&quot;stretch_section&quot;:&quot;section-stretched&quot;,&quot;background_background&quot;:&quot;classic&quot;}\">\n\t\t\t\t\t\t<div class=\"elementor-container elementor-column-gap-default\">\n\t\t\t\t\t<div class=\"elementor-column elementor-col-100 elementor-top-column elementor-element elementor-element-abd8683\" data-id=\"abd8683\" data-element_type=\"column\" data-e-type=\"column\">\n\t\t\t<div class=\"elementor-widget-wrap elementor-element-populated\">\n\t\t\t\t\t\t<div class=\"elementor-element elementor-element-73d10e0 elementor-invisible elementor-widget elementor-widget-heading\" data-id=\"73d10e0\" data-element_type=\"widget\" data-e-type=\"widget\" data-settings=\"{&quot;_animation&quot;:&quot;fadeInUp&quot;}\" data-widget_type=\"heading.default\">\n\t\t\t\t<div class=\"elementor-widget-container\">\n\t\t\t\t\t<h1 class=\"elementor-heading-title elementor-size-default\">CERTYFIKATY<\/h1>\t\t\t\t<\/div>\n\t\t\t\t<\/div>\n\t\t\t\t<div class=\"elementor-element elementor-element-ecce846 elementor-widget-divider--view-line elementor-widget elementor-widget-divider\" data-id=\"ecce846\" data-element_type=\"widget\" data-e-type=\"widget\" data-widget_type=\"divider.default\">\n\t\t\t\t<div class=\"elementor-widget-container\">\n\t\t\t\t\t\t\t<div class=\"elementor-divider\">\n\t\t\t<span class=\"elementor-divider-separator\">\n\t\t\t\t\t\t<\/span>\n\t\t<\/div>\n\t\t\t\t\t\t<\/div>\n\t\t\t\t<\/div>\n\t\t\t\t<section class=\"elementor-section elementor-inner-section elementor-element elementor-element-755af39 elementor-section-content-middle elementor-section-boxed elementor-section-height-default elementor-section-height-default\" data-id=\"755af39\" data-element_type=\"section\" data-e-type=\"section\">\n\t\t\t\t\t\t<div class=\"elementor-container elementor-column-gap-wide\">\n\t\t\t\t\t<div class=\"elementor-column elementor-col-50 elementor-inner-column elementor-element elementor-element-b234133 elementor-invisible\" data-id=\"b234133\" data-element_type=\"column\" data-e-type=\"column\" data-settings=\"{&quot;animation&quot;:&quot;slideInLeft&quot;}\">\n\t\t\t<div class=\"elementor-widget-wrap elementor-element-populated\">\n\t\t\t\t\t\t<div class=\"elementor-element elementor-element-3f79417 elementor-widget elementor-widget-text-editor\" data-id=\"3f79417\" data-element_type=\"widget\" data-e-type=\"widget\" data-widget_type=\"text-editor.default\">\n\t\t\t\t<div class=\"elementor-widget-container\">\n\t\t\t\t\t\t\t\t\t<p>Chronione oznaczenie jako\u015bci VQWS zwi\u0119ksza zaufanie do trenera lub instruktora prowadz\u0105cego szkolenia kwalifikacyjne. Certyfikowany trener VQWS mo\u017ce umie\u015bci\u0107 sw\u00f3j indywidualny numer certyfikatu na \u015bwiadectwach uczestnik\u00f3w szkole\u0144, kt\u00f3re przeprowadzi\u0142.<\/p>\t\t\t\t\t\t\t\t<\/div>\n\t\t\t\t<\/div>\n\t\t\t\t<div class=\"elementor-element elementor-element-c9367ff elementor-widget elementor-widget-text-editor\" data-id=\"c9367ff\" data-element_type=\"widget\" data-e-type=\"widget\" data-widget_type=\"text-editor.default\">\n\t\t\t\t<div class=\"elementor-widget-container\">\n\t\t\t\t\t\t\t\t\t<p>Pobieraj\u0105c aktualny certyfikat, mo\u017cna uzyska\u0107 wszystkie istotne informacje, takie jak status certyfikacji, obszar certyfikacji oraz okres wa\u017cno\u015bci, dla grup os\u00f3b, kt\u00f3re otrzyma\u0142y \u015bwiadectwo uczestnictwa i tym samym posiadaj\u0105 numer certyfikatu trenera.<\/p>\t\t\t\t\t\t\t\t<\/div>\n\t\t\t\t<\/div>\n\t\t\t\t\t<\/div>\n\t\t<\/div>\n\t\t\t\t<div class=\"elementor-column elementor-col-50 elementor-inner-column elementor-element elementor-element-8a052be elementor-invisible\" data-id=\"8a052be\" data-element_type=\"column\" data-e-type=\"column\" data-settings=\"{&quot;animation&quot;:&quot;slideInRight&quot;}\">\n\t\t\t<div class=\"elementor-widget-wrap elementor-element-populated\">\n\t\t\t\t\t\t<div class=\"elementor-element elementor-element-82e2477 elementor-widget__width-initial elementor-widget elementor-widget-image\" data-id=\"82e2477\" data-element_type=\"widget\" data-e-type=\"widget\" data-widget_type=\"image.default\">\n\t\t\t\t<div class=\"elementor-widget-container\">\n\t\t\t\t\t\t\t\t\t\t\t\t\t\t\t<img fetchpriority=\"high\" decoding=\"async\" width=\"693\" height=\"286\" src=\"https:\/\/vqws.de\/wp-content\/uploads\/vqws-vorschau-en.jpg\" class=\"attachment-medium_large size-medium_large wp-image-2799\" alt=\"\" srcset=\"https:\/\/vqws.de\/wp-content\/uploads\/vqws-vorschau-en.jpg 693w, https:\/\/vqws.de\/wp-content\/uploads\/vqws-vorschau-en-300x124.jpg 300w\" sizes=\"(max-width: 693px) 100vw, 693px\" \/>\t\t\t\t\t\t\t\t\t\t\t\t\t\t\t<\/div>\n\t\t\t\t<\/div>\n\t\t\t\t\t<\/div>\n\t\t<\/div>\n\t\t\t\t\t<\/div>\n\t\t<\/section>\n\t\t\t\t\t<\/div>\n\t\t<\/div>\n\t\t\t\t\t<\/div>\n\t\t<\/section>\n\t\t\t\t<section class=\"elementor-section elementor-top-section elementor-element elementor-element-c270704 elementor-section-boxed elementor-section-height-default elementor-section-height-default elementor-invisible\" data-id=\"c270704\" data-element_type=\"section\" data-e-type=\"section\" data-settings=\"{&quot;animation&quot;:&quot;slideInUp&quot;,&quot;animation_delay&quot;:20}\">\n\t\t\t\t\t\t<div class=\"elementor-container elementor-column-gap-default\">\n\t\t\t\t\t<div class=\"elementor-column elementor-col-100 elementor-top-column elementor-element elementor-element-a1976ed\" data-id=\"a1976ed\" data-element_type=\"column\" data-e-type=\"column\">\n\t\t\t<div class=\"elementor-widget-wrap elementor-element-populated\">\n\t\t\t\t\t\t<div class=\"elementor-element elementor-element-72b9edb elementor-widget elementor-widget-text-editor\" data-id=\"72b9edb\" data-element_type=\"widget\" data-e-type=\"widget\" data-widget_type=\"text-editor.default\">\n\t\t\t\t<div class=\"elementor-widget-container\">\n\t\t\t\t\t\t\t\t\t<p><strong>Wpisz tutaj numer certyfikatu trenera certyfikowanego przez VQWS i kliknij ikon\u0119 lupy, aby rozpocz\u0105\u0107 wyszukiwanie.<\/strong><\/p>\t\t\t\t\t\t\t\t<\/div>\n\t\t\t\t<\/div>\n\t\t\t\t\t<\/div>\n\t\t<\/div>\n\t\t\t\t\t<\/div>\n\t\t<\/section>\n\t\t\t\t<section class=\"elementor-section elementor-top-section elementor-element elementor-element-3f85df4 elementor-section-content-top elementor-section-boxed elementor-section-height-default elementor-section-height-default elementor-invisible\" data-id=\"3f85df4\" data-element_type=\"section\" data-e-type=\"section\" data-settings=\"{&quot;animation&quot;:&quot;slideInUp&quot;,&quot;animation_delay&quot;:30}\">\n\t\t\t\t\t\t<div class=\"elementor-container elementor-column-gap-default\">\n\t\t\t\t\t<div class=\"elementor-column elementor-col-50 elementor-top-column elementor-element elementor-element-a4c4f74\" data-id=\"a4c4f74\" data-element_type=\"column\" data-e-type=\"column\">\n\t\t\t<div class=\"elementor-widget-wrap elementor-element-populated\">\n\t\t\t\t\t\t<div class=\"elementor-element elementor-element-00c6ca4 elementor-widget elementor-widget-heading\" data-id=\"00c6ca4\" data-element_type=\"widget\" data-e-type=\"widget\" data-widget_type=\"heading.default\">\n\t\t\t\t<div class=\"elementor-widget-container\">\n\t\t\t\t\t<h3 class=\"elementor-heading-title elementor-size-default\">#<\/h3>\t\t\t\t<\/div>\n\t\t\t\t<\/div>\n\t\t\t\t\t<\/div>\n\t\t<\/div>\n\t\t\t\t<div class=\"elementor-column elementor-col-50 elementor-top-column elementor-element elementor-element-58407f4\" data-id=\"58407f4\" data-element_type=\"column\" data-e-type=\"column\">\n\t\t\t<div class=\"elementor-widget-wrap elementor-element-populated\">\n\t\t\t\t\t\t<div class=\"elementor-element elementor-element-25d40a1 elementor-widget elementor-widget-facetwp-facet\" data-id=\"25d40a1\" data-element_type=\"widget\" data-e-type=\"widget\" data-widget_type=\"facetwp-facet.default\">\n\t\t\t\t<div class=\"elementor-widget-container\">\n\t\t\t\t\t\n        <div class=\"facet-wrap\">\n                        <div class=\"facetwp-facet facetwp-facet-zertifikat_suche facetwp-type-search\" data-name=\"zertifikat_suche\" data-type=\"search\"><\/div>        <\/div>\n\n        \t\t\t\t<\/div>\n\t\t\t\t<\/div>\n\t\t\t\t\t<\/div>\n\t\t<\/div>\n\t\t\t\t\t<\/div>\n\t\t<\/section>\n\t\t\t\t<section class=\"elementor-section elementor-top-section elementor-element elementor-element-e9028f7 elementor-section-boxed elementor-section-height-default elementor-section-height-default\" data-id=\"e9028f7\" data-element_type=\"section\" data-e-type=\"section\">\n\t\t\t\t\t\t<div class=\"elementor-container elementor-column-gap-default\">\n\t\t\t\t\t<div class=\"elementor-column elementor-col-100 elementor-top-column elementor-element elementor-element-e087e84\" data-id=\"e087e84\" data-element_type=\"column\" data-e-type=\"column\" data-settings=\"{&quot;background_background&quot;:&quot;classic&quot;}\">\n\t\t\t<div class=\"elementor-widget-wrap elementor-element-populated\">\n\t\t\t\t\t\t<div class=\"elementor-element elementor-element-88418d0 elementor-widget elementor-widget-facetwp-listing\" data-id=\"88418d0\" data-element_type=\"widget\" data-e-type=\"widget\" data-widget_type=\"facetwp-listing.default\">\n\t\t\t\t<div class=\"elementor-widget-container\">\n\t\t\t\t\t<div class=\"facetwp-template\" data-name=\"zertikate_en\">  \n\n        <img decoding=\"async\" style=\"max-width:200px; display: block; margin-bottom: 20px; margin-top: 20px\" class=\"vorschaubild-zertifikat\" src=\"https:\/\/vqws.de\/wp-content\/uploads\/26-104.png\" alt=\"\" \/>\n\n<p>Your search was successful.<br> Please start the <a target=\"_blank\" href=\"https:\/\/vqws.de\/wp-content\/uploads\/26-104.pdf\">Download<\/a><\/p>\n    \n\n  <\/div>\t\t\t\t<\/div>\n\t\t\t\t<\/div>\n\t\t\t\t<div class=\"elementor-element elementor-element-fdebed0 elementor-widget elementor-widget-facetwp-facet\" data-id=\"fdebed0\" data-element_type=\"widget\" data-e-type=\"widget\" data-widget_type=\"facetwp-facet.default\">\n\t\t\t\t<div class=\"elementor-widget-container\">\n\t\t\t\t\t\n        <div class=\"facet-wrap\">\n                        <div class=\"facetwp-facet facetwp-facet-reset_en facetwp-type-reset\" data-name=\"reset_en\" data-type=\"reset\"><\/div>        <\/div>\n\n        \t\t\t\t<\/div>\n\t\t\t\t<\/div>\n\t\t\t\t\t<\/div>\n\t\t<\/div>\n\t\t\t\t\t<\/div>\n\t\t<\/section>\n\t\t\t\t<\/div>\n\t\t","protected":false},"excerpt":{"rendered":"<p>CERTYFIKATY Chronione oznaczenie jako\u015bci VQWS zwi\u0119ksza zaufanie do trenera lub instruktora prowadz\u0105cego szkolenia kwalifikacyjne. Certyfikowany trener VQWS mo\u017ce umie\u015bci\u0107 sw\u00f3j indywidualny numer certyfikatu na \u015bwiadectwach uczestnik\u00f3w szkole\u0144, kt\u00f3re przeprowadzi\u0142. Pobieraj\u0105c aktualny certyfikat, mo\u017cna uzyska\u0107 wszystkie istotne informacje, takie jak status certyfikacji, obszar certyfikacji oraz okres wa\u017cno\u015bci, dla grup os\u00f3b, kt\u00f3re otrzyma\u0142y \u015bwiadectwo uczestnictwa i tym [&hellip;]<\/p>\n","protected":false},"author":1,"featured_media":0,"parent":0,"menu_order":0,"comment_status":"closed","ping_status":"closed","template":"","meta":{"_acf_changed":false,"site-sidebar-layout":"no-sidebar","site-content-layout":"page-builder","ast-site-content-layout":"full-width-container","site-content-style":"default","site-sidebar-style":"default","ast-global-header-display":"","ast-banner-title-visibility":"","ast-main-header-display":"","ast-hfb-above-header-display":"","ast-hfb-below-header-display":"","ast-hfb-mobile-header-display":"","site-post-title":"disabled","ast-breadcrumbs-content":"","ast-featured-img":"disabled","footer-sml-layout":"","ast-disable-related-posts":"","theme-transparent-header-meta":"default","adv-header-id-meta":"","stick-header-meta":"","header-above-stick-meta":"","header-main-stick-meta":"","header-below-stick-meta":"","astra-migrate-meta-layouts":"set","ast-page-background-enabled":"default","ast-page-background-meta":{"desktop":{"background-color":"var(--ast-global-color-4)","background-image":"","background-repeat":"repeat","background-position":"center center","background-size":"auto","background-attachment":"scroll","background-type":"","background-media":"","overlay-type":"","overlay-color":"","overlay-opacity":"","overlay-gradient":""},"tablet":{"background-color":"","background-image":"","background-repeat":"repeat","background-position":"center center","background-size":"auto","background-attachment":"scroll","background-type":"","background-media":"","overlay-type":"","overlay-color":"","overlay-opacity":"","overlay-gradient":""},"mobile":{"background-color":"","background-image":"","background-repeat":"repeat","background-position":"center center","background-size":"auto","background-attachment":"scroll","background-type":"","background-media":"","overlay-type":"","overlay-color":"","overlay-opacity":"","overlay-gradient":""}},"ast-content-background-meta":{"desktop":{"background-color":"var(--ast-global-color-5)","background-image":"","background-repeat":"repeat","background-position":"center center","background-size":"auto","background-attachment":"scroll","background-type":"","background-media":"","overlay-type":"","overlay-color":"","overlay-opacity":"","overlay-gradient":""},"tablet":{"background-color":"var(--ast-global-color-5)","background-image":"","background-repeat":"repeat","background-position":"center center","background-size":"auto","background-attachment":"scroll","background-type":"","background-media":"","overlay-type":"","overlay-color":"","overlay-opacity":"","overlay-gradient":""},"mobile":{"background-color":"var(--ast-global-color-5)","background-image":"","background-repeat":"repeat","background-position":"center center","background-size":"auto","background-attachment":"scroll","background-type":"","background-media":"","overlay-type":"","overlay-color":"","overlay-opacity":"","overlay-gradient":""}},"footnotes":""},"class_list":["post-5315","page","type-page","status-publish","hentry"],"acf":[],"yoast_head":"<!-- This site is optimized with the Yoast SEO plugin v27.4 - https:\/\/yoast.com\/product\/yoast-seo-wordpress\/ -->\n<title>POTWIERDZENIE CERTYFIKATU - VQWS<\/title>\n<meta name=\"robots\" content=\"index, follow, max-snippet:-1, max-image-preview:large, max-video-preview:-1\" \/>\n<link rel=\"canonical\" href=\"https:\/\/vqws.de\/pl\/potwierdzenie-certyfikatu\/\" \/>\n<meta property=\"og:locale\" content=\"pl_PL\" \/>\n<meta property=\"og:type\" content=\"article\" \/>\n<meta property=\"og:title\" content=\"POTWIERDZENIE CERTYFIKATU - VQWS\" \/>\n<meta property=\"og:description\" content=\"CERTYFIKATY Chronione oznaczenie jako\u015bci VQWS zwi\u0119ksza zaufanie do trenera lub instruktora prowadz\u0105cego szkolenia kwalifikacyjne. Certyfikowany trener VQWS mo\u017ce umie\u015bci\u0107 sw\u00f3j indywidualny numer certyfikatu na \u015bwiadectwach uczestnik\u00f3w szkole\u0144, kt\u00f3re przeprowadzi\u0142. Pobieraj\u0105c aktualny certyfikat, mo\u017cna uzyska\u0107 wszystkie istotne informacje, takie jak status certyfikacji, obszar certyfikacji oraz okres wa\u017cno\u015bci, dla grup os\u00f3b, kt\u00f3re otrzyma\u0142y \u015bwiadectwo uczestnictwa i tym [&hellip;]\" \/>\n<meta property=\"og:url\" content=\"https:\/\/vqws.de\/pl\/potwierdzenie-certyfikatu\/\" \/>\n<meta property=\"og:site_name\" content=\"VQWS\" \/>\n<meta property=\"article:modified_time\" content=\"2025-09-10T06:54:36+00:00\" \/>\n<meta property=\"og:image\" content=\"https:\/\/vqws.de\/wp-content\/uploads\/vqws-vorschau-en.jpg\" \/>\n\t<meta property=\"og:image:width\" content=\"693\" \/>\n\t<meta property=\"og:image:height\" content=\"286\" \/>\n\t<meta property=\"og:image:type\" content=\"image\/jpeg\" \/>\n<meta name=\"twitter:card\" content=\"summary_large_image\" \/>\n<meta name=\"twitter:label1\" content=\"Szacowany czas czytania\" \/>\n\t<meta name=\"twitter:data1\" content=\"1 minuta\" \/>\n<script type=\"application\/ld+json\" class=\"yoast-schema-graph\">{\"@context\":\"https:\\\/\\\/schema.org\",\"@graph\":[{\"@type\":\"WebPage\",\"@id\":\"https:\\\/\\\/vqws.de\\\/pl\\\/potwierdzenie-certyfikatu\\\/\",\"url\":\"https:\\\/\\\/vqws.de\\\/pl\\\/potwierdzenie-certyfikatu\\\/\",\"name\":\"POTWIERDZENIE CERTYFIKATU - VQWS\",\"isPartOf\":{\"@id\":\"https:\\\/\\\/vqws.de\\\/#website\"},\"primaryImageOfPage\":{\"@id\":\"https:\\\/\\\/vqws.de\\\/pl\\\/potwierdzenie-certyfikatu\\\/#primaryimage\"},\"image\":{\"@id\":\"https:\\\/\\\/vqws.de\\\/pl\\\/potwierdzenie-certyfikatu\\\/#primaryimage\"},\"thumbnailUrl\":\"https:\\\/\\\/vqws.de\\\/wp-content\\\/uploads\\\/vqws-vorschau-en.jpg\",\"datePublished\":\"2024-07-29T10:12:55+00:00\",\"dateModified\":\"2025-09-10T06:54:36+00:00\",\"breadcrumb\":{\"@id\":\"https:\\\/\\\/vqws.de\\\/pl\\\/potwierdzenie-certyfikatu\\\/#breadcrumb\"},\"inLanguage\":\"pl-PL\",\"potentialAction\":[{\"@type\":\"ReadAction\",\"target\":[\"https:\\\/\\\/vqws.de\\\/pl\\\/potwierdzenie-certyfikatu\\\/\"]}]},{\"@type\":\"ImageObject\",\"inLanguage\":\"pl-PL\",\"@id\":\"https:\\\/\\\/vqws.de\\\/pl\\\/potwierdzenie-certyfikatu\\\/#primaryimage\",\"url\":\"https:\\\/\\\/vqws.de\\\/wp-content\\\/uploads\\\/vqws-vorschau-en.jpg\",\"contentUrl\":\"https:\\\/\\\/vqws.de\\\/wp-content\\\/uploads\\\/vqws-vorschau-en.jpg\"},{\"@type\":\"BreadcrumbList\",\"@id\":\"https:\\\/\\\/vqws.de\\\/pl\\\/potwierdzenie-certyfikatu\\\/#breadcrumb\",\"itemListElement\":[{\"@type\":\"ListItem\",\"position\":1,\"name\":\"Startseite\",\"item\":\"https:\\\/\\\/vqws.de\\\/pl\\\/\"},{\"@type\":\"ListItem\",\"position\":2,\"name\":\"POTWIERDZENIE CERTYFIKATU\"}]},{\"@type\":\"WebSite\",\"@id\":\"https:\\\/\\\/vqws.de\\\/#website\",\"url\":\"https:\\\/\\\/vqws.de\\\/\",\"name\":\"VQWS\",\"description\":\"Verband f\u00fcr Qualifikation und Wissenstransfer in der Schraubtechnik e.V.\",\"potentialAction\":[{\"@type\":\"SearchAction\",\"target\":{\"@type\":\"EntryPoint\",\"urlTemplate\":\"https:\\\/\\\/vqws.de\\\/?s={search_term_string}\"},\"query-input\":{\"@type\":\"PropertyValueSpecification\",\"valueRequired\":true,\"valueName\":\"search_term_string\"}}],\"inLanguage\":\"pl-PL\"}]}<\/script>\n<!-- \/ Yoast SEO plugin. -->","yoast_head_json":{"title":"POTWIERDZENIE CERTYFIKATU - VQWS","robots":{"index":"index","follow":"follow","max-snippet":"max-snippet:-1","max-image-preview":"max-image-preview:large","max-video-preview":"max-video-preview:-1"},"canonical":"https:\/\/vqws.de\/pl\/potwierdzenie-certyfikatu\/","og_locale":"pl_PL","og_type":"article","og_title":"POTWIERDZENIE CERTYFIKATU - VQWS","og_description":"CERTYFIKATY Chronione oznaczenie jako\u015bci VQWS zwi\u0119ksza zaufanie do trenera lub instruktora prowadz\u0105cego szkolenia kwalifikacyjne. Certyfikowany trener VQWS mo\u017ce umie\u015bci\u0107 sw\u00f3j indywidualny numer certyfikatu na \u015bwiadectwach uczestnik\u00f3w szkole\u0144, kt\u00f3re przeprowadzi\u0142. Pobieraj\u0105c aktualny certyfikat, mo\u017cna uzyska\u0107 wszystkie istotne informacje, takie jak status certyfikacji, obszar certyfikacji oraz okres wa\u017cno\u015bci, dla grup os\u00f3b, kt\u00f3re otrzyma\u0142y \u015bwiadectwo uczestnictwa i tym [&hellip;]","og_url":"https:\/\/vqws.de\/pl\/potwierdzenie-certyfikatu\/","og_site_name":"VQWS","article_modified_time":"2025-09-10T06:54:36+00:00","og_image":[{"width":693,"height":286,"url":"https:\/\/vqws.de\/wp-content\/uploads\/vqws-vorschau-en.jpg","type":"image\/jpeg"}],"twitter_card":"summary_large_image","twitter_misc":{"Szacowany czas czytania":"1 minuta"},"schema":{"@context":"https:\/\/schema.org","@graph":[{"@type":"WebPage","@id":"https:\/\/vqws.de\/pl\/potwierdzenie-certyfikatu\/","url":"https:\/\/vqws.de\/pl\/potwierdzenie-certyfikatu\/","name":"POTWIERDZENIE CERTYFIKATU - VQWS","isPartOf":{"@id":"https:\/\/vqws.de\/#website"},"primaryImageOfPage":{"@id":"https:\/\/vqws.de\/pl\/potwierdzenie-certyfikatu\/#primaryimage"},"image":{"@id":"https:\/\/vqws.de\/pl\/potwierdzenie-certyfikatu\/#primaryimage"},"thumbnailUrl":"https:\/\/vqws.de\/wp-content\/uploads\/vqws-vorschau-en.jpg","datePublished":"2024-07-29T10:12:55+00:00","dateModified":"2025-09-10T06:54:36+00:00","breadcrumb":{"@id":"https:\/\/vqws.de\/pl\/potwierdzenie-certyfikatu\/#breadcrumb"},"inLanguage":"pl-PL","potentialAction":[{"@type":"ReadAction","target":["https:\/\/vqws.de\/pl\/potwierdzenie-certyfikatu\/"]}]},{"@type":"ImageObject","inLanguage":"pl-PL","@id":"https:\/\/vqws.de\/pl\/potwierdzenie-certyfikatu\/#primaryimage","url":"https:\/\/vqws.de\/wp-content\/uploads\/vqws-vorschau-en.jpg","contentUrl":"https:\/\/vqws.de\/wp-content\/uploads\/vqws-vorschau-en.jpg"},{"@type":"BreadcrumbList","@id":"https:\/\/vqws.de\/pl\/potwierdzenie-certyfikatu\/#breadcrumb","itemListElement":[{"@type":"ListItem","position":1,"name":"Startseite","item":"https:\/\/vqws.de\/pl\/"},{"@type":"ListItem","position":2,"name":"POTWIERDZENIE CERTYFIKATU"}]},{"@type":"WebSite","@id":"https:\/\/vqws.de\/#website","url":"https:\/\/vqws.de\/","name":"VQWS","description":"Verband f\u00fcr Qualifikation und Wissenstransfer in der Schraubtechnik e.V.","potentialAction":[{"@type":"SearchAction","target":{"@type":"EntryPoint","urlTemplate":"https:\/\/vqws.de\/?s={search_term_string}"},"query-input":{"@type":"PropertyValueSpecification","valueRequired":true,"valueName":"search_term_string"}}],"inLanguage":"pl-PL"}]}},"_links":{"self":[{"href":"https:\/\/vqws.de\/pl\/wp-json\/wp\/v2\/pages\/5315","targetHints":{"allow":["GET"]}}],"collection":[{"href":"https:\/\/vqws.de\/pl\/wp-json\/wp\/v2\/pages"}],"about":[{"href":"https:\/\/vqws.de\/pl\/wp-json\/wp\/v2\/types\/page"}],"author":[{"embeddable":true,"href":"https:\/\/vqws.de\/pl\/wp-json\/wp\/v2\/users\/1"}],"replies":[{"embeddable":true,"href":"https:\/\/vqws.de\/pl\/wp-json\/wp\/v2\/comments?post=5315"}],"version-history":[{"count":22,"href":"https:\/\/vqws.de\/pl\/wp-json\/wp\/v2\/pages\/5315\/revisions"}],"predecessor-version":[{"id":5416,"href":"https:\/\/vqws.de\/pl\/wp-json\/wp\/v2\/pages\/5315\/revisions\/5416"}],"wp:attachment":[{"href":"https:\/\/vqws.de\/pl\/wp-json\/wp\/v2\/media?parent=5315"}],"curies":[{"name":"wp","href":"https:\/\/api.w.org\/{rel}","templated":true}]}}