{"id":5305,"date":"2022-04-04T13:13:50","date_gmt":"2022-04-04T13:13:50","guid":{"rendered":"https:\/\/vqws.de\/kooperationen\/"},"modified":"2025-09-05T13:08:14","modified_gmt":"2025-09-05T13:08:14","slug":"wspolpraca","status":"publish","type":"page","link":"https:\/\/vqws.de\/pl\/wspolpraca\/","title":{"rendered":"WSP\u00d3\u0141PRACA"},"content":{"rendered":"\t\t<div data-elementor-type=\"wp-page\" data-elementor-id=\"5305\" class=\"elementor elementor-5305 elementor-15\" data-elementor-post-type=\"page\">\n\t\t\t\t\t\t<section class=\"elementor-section elementor-top-section elementor-element elementor-element-8f06f67 elementor-section-stretched elementor-section-boxed elementor-section-height-default elementor-section-height-default\" data-id=\"8f06f67\" data-element_type=\"section\" data-e-type=\"section\" data-settings=\"{&quot;stretch_section&quot;:&quot;section-stretched&quot;,&quot;background_background&quot;:&quot;classic&quot;}\">\n\t\t\t\t\t\t<div class=\"elementor-container elementor-column-gap-default\">\n\t\t\t\t\t<div class=\"elementor-column elementor-col-100 elementor-top-column elementor-element elementor-element-dbf9fb1\" data-id=\"dbf9fb1\" data-element_type=\"column\" data-e-type=\"column\">\n\t\t\t<div class=\"elementor-widget-wrap elementor-element-populated\">\n\t\t\t\t\t\t<div class=\"elementor-element elementor-element-068a3ca elementor-invisible elementor-widget elementor-widget-heading\" data-id=\"068a3ca\" data-element_type=\"widget\" data-e-type=\"widget\" data-settings=\"{&quot;_animation&quot;:&quot;fadeInUp&quot;}\" data-widget_type=\"heading.default\">\n\t\t\t\t<div class=\"elementor-widget-container\">\n\t\t\t\t\t<h1 class=\"elementor-heading-title elementor-size-default\">WSP\u00d3\u0141PRACA<\/h1>\t\t\t\t<\/div>\n\t\t\t\t<\/div>\n\t\t\t\t<div class=\"elementor-element elementor-element-2eda2de elementor-widget-divider--view-line elementor-widget elementor-widget-divider\" data-id=\"2eda2de\" data-element_type=\"widget\" data-e-type=\"widget\" data-widget_type=\"divider.default\">\n\t\t\t\t<div class=\"elementor-widget-container\">\n\t\t\t\t\t\t\t<div class=\"elementor-divider\">\n\t\t\t<span class=\"elementor-divider-separator\">\n\t\t\t\t\t\t<\/span>\n\t\t<\/div>\n\t\t\t\t\t\t<\/div>\n\t\t\t\t<\/div>\n\t\t\t\t\t<\/div>\n\t\t<\/div>\n\t\t\t\t\t<\/div>\n\t\t<\/section>\n\t\t\t\t<section class=\"elementor-section elementor-top-section elementor-element elementor-element-896b435 elementor-section-stretched elementor-section-content-middle elementor-section-boxed elementor-section-height-default elementor-section-height-default\" data-id=\"896b435\" data-element_type=\"section\" data-e-type=\"section\" data-settings=\"{&quot;stretch_section&quot;:&quot;section-stretched&quot;,&quot;background_background&quot;:&quot;classic&quot;}\">\n\t\t\t\t\t\t<div class=\"elementor-container elementor-column-gap-wider\">\n\t\t\t\t\t<div class=\"elementor-column elementor-col-50 elementor-top-column elementor-element elementor-element-3c3bd8a\" data-id=\"3c3bd8a\" data-element_type=\"column\" data-e-type=\"column\">\n\t\t\t<div class=\"elementor-widget-wrap elementor-element-populated\">\n\t\t\t\t\t\t<div class=\"elementor-element elementor-element-422e4c8 elementor-invisible elementor-widget elementor-widget-image\" data-id=\"422e4c8\" data-element_type=\"widget\" data-e-type=\"widget\" data-settings=\"{&quot;_animation&quot;:&quot;slideInLeft&quot;}\" data-widget_type=\"image.default\">\n\t\t\t\t<div class=\"elementor-widget-container\">\n\t\t\t\t\t\t\t\t\t\t\t\t\t\t\t\t<a href=\"https:\/\/www.vogel.de\/\" target=\"_blank\">\n\t\t\t\t\t\t\t<img fetchpriority=\"high\" decoding=\"async\" width=\"727\" height=\"126\" src=\"https:\/\/vqws.de\/wp-content\/uploads\/vogel-logo.webp\" class=\"attachment-large size-large wp-image-5306\" alt=\"Vogel Logo\" srcset=\"https:\/\/vqws.de\/wp-content\/uploads\/vogel-logo.webp 727w, https:\/\/vqws.de\/wp-content\/uploads\/vogel-logo-300x52.webp 300w\" sizes=\"(max-width: 727px) 100vw, 727px\" \/>\t\t\t\t\t\t\t\t<\/a>\n\t\t\t\t\t\t\t\t\t\t\t\t\t\t\t<\/div>\n\t\t\t\t<\/div>\n\t\t\t\t\t<\/div>\n\t\t<\/div>\n\t\t\t\t<div class=\"elementor-column elementor-col-50 elementor-top-column elementor-element elementor-element-c867a4a\" data-id=\"c867a4a\" data-element_type=\"column\" data-e-type=\"column\">\n\t\t\t<div class=\"elementor-widget-wrap elementor-element-populated\">\n\t\t\t\t\t\t<div class=\"elementor-element elementor-element-bac0af9 elementor-invisible elementor-widget elementor-widget-text-editor\" data-id=\"bac0af9\" data-element_type=\"widget\" data-e-type=\"widget\" data-settings=\"{&quot;_animation&quot;:&quot;fadeInUp&quot;}\" data-widget_type=\"text-editor.default\">\n\t\t\t\t<div class=\"elementor-widget-container\">\n\t\t\t\t\t\t\t\t\t<p>Vogel Communications Group &#8211; z siedzib\u0105 w W\u00fcrzburgu &#8211; jest wiod\u0105cym niemieckim dostawc\u0105 specjalistycznych us\u0142ug komunikacyjnych dla przemys\u0142u, zatrudniaj\u0105cym oko\u0142o 700 pracownik\u00f3w. Jej podstawowa dzia\u0142alno\u015b\u0107 obejmuje us\u0142ugi agencyjne oraz media specjalistyczne. 27 kwietnia 2022 r., w uroczystej atmosferze, podpisano umow\u0119 o wsp\u00f3\u0142pracy z tym profesjonalnym partnerem medialnym. Od tego czasu Vogel Communications Group i VQWS e.V. z pasj\u0105 wsp\u00f3\u0142pracuj\u0105, promuj\u0105c najnowsze osi\u0105gni\u0119cia nauki i technologii w zakresie przemys\u0142owej technologii po\u0142\u0105cze\u0144 \u015brubowych. Regionalne targi SchraubTec, kt\u00f3re od 2021 r. odbywaj\u0105 si\u0119 co kwarta\u0142 w r\u00f3\u017cnych regionach Niemiec, stanowi\u0105 pierwsze wsp\u00f3lne dzia\u0142ania w ramach tej obiecuj\u0105cej wsp\u00f3\u0142pracy.<\/p>\t\t\t\t\t\t\t\t<\/div>\n\t\t\t\t<\/div>\n\t\t\t\t\t<\/div>\n\t\t<\/div>\n\t\t\t\t\t<\/div>\n\t\t<\/section>\n\t\t\t\t<section class=\"elementor-section elementor-top-section elementor-element elementor-element-36eea20 elementor-section-stretched elementor-section-content-middle elementor-section-boxed elementor-section-height-default elementor-section-height-default\" data-id=\"36eea20\" data-element_type=\"section\" data-e-type=\"section\" data-settings=\"{&quot;stretch_section&quot;:&quot;section-stretched&quot;,&quot;background_background&quot;:&quot;classic&quot;}\">\n\t\t\t\t\t\t<div class=\"elementor-container elementor-column-gap-custom\">\n\t\t\t\t\t<div class=\"elementor-column elementor-col-50 elementor-top-column elementor-element elementor-element-5c0b7dc\" data-id=\"5c0b7dc\" data-element_type=\"column\" data-e-type=\"column\">\n\t\t\t<div class=\"elementor-widget-wrap elementor-element-populated\">\n\t\t\t\t\t\t<div class=\"elementor-element elementor-element-651c1ee elementor-invisible elementor-widget elementor-widget-image\" data-id=\"651c1ee\" data-element_type=\"widget\" data-e-type=\"widget\" data-settings=\"{&quot;_animation&quot;:&quot;slideInLeft&quot;}\" data-widget_type=\"image.default\">\n\t\t\t\t<div class=\"elementor-widget-container\">\n\t\t\t\t\t\t\t\t\t\t\t\t\t\t\t\t<a href=\"https:\/\/www.vdi.de\/\" target=\"_blank\">\n\t\t\t\t\t\t\t<img decoding=\"async\" width=\"765\" height=\"430\" src=\"https:\/\/vqws.de\/wp-content\/uploads\/VDI-LOGO-2.jpg\" class=\"attachment-large size-large wp-image-1167\" alt=\"\" srcset=\"https:\/\/vqws.de\/wp-content\/uploads\/VDI-LOGO-2.jpg 765w, https:\/\/vqws.de\/wp-content\/uploads\/VDI-LOGO-2-300x169.jpg 300w\" sizes=\"(max-width: 765px) 100vw, 765px\" \/>\t\t\t\t\t\t\t\t<\/a>\n\t\t\t\t\t\t\t\t\t\t\t\t\t\t\t<\/div>\n\t\t\t\t<\/div>\n\t\t\t\t\t<\/div>\n\t\t<\/div>\n\t\t\t\t<div class=\"elementor-column elementor-col-50 elementor-top-column elementor-element elementor-element-2662ec4\" data-id=\"2662ec4\" data-element_type=\"column\" data-e-type=\"column\">\n\t\t\t<div class=\"elementor-widget-wrap elementor-element-populated\">\n\t\t\t\t\t\t<div class=\"elementor-element elementor-element-a55c75d elementor-invisible elementor-widget elementor-widget-text-editor\" data-id=\"a55c75d\" data-element_type=\"widget\" data-e-type=\"widget\" data-settings=\"{&quot;_animation&quot;:&quot;fadeInUp&quot;}\" data-widget_type=\"text-editor.default\">\n\t\t\t\t<div class=\"elementor-widget-container\">\n\t\t\t\t\t\t\t\t\t<p>VDI &#8211; Verein Deutscher Ingenieure e.V. (Stowarzyszenie In\u017cynier\u00f3w Niemieckich) jest najwi\u0119kszym stowarzyszeniem techniczno-naukowym w Niemczech i uznawane za rzecznika in\u017cynier\u00f3w technicznych. Ka\u017cdego roku ponad 12 000 ekspert\u00f3w-wolontariuszy pracuje nad najnowszymi odkryciami, aby wspiera\u0107 Niemcy jako miejsce rozwoju technologii.&nbsp;<span style=\"font-style: inherit; font-weight: inherit;\">Od ponad 165 lat, jako trzecia co do wielko\u015bci instytucja techniczna ustanawiaj\u0105ca zasady i przepisy bran\u017cowe, VDI jest nie tylko partnerem niemieckiego przemys\u0142u i nauki, ale obecnie r\u00f3wnie\u017c bezpo\u015brednim partnerem wsp\u00f3\u0142pracuj\u0105cym z VQWS e.V. Wsp\u00f3lne zainteresowania wynikaj\u0105 z systematycznego rozwoju i ustanawiania zasad oraz przepis\u00f3w technicznych odzwierciedlaj\u0105cych najnowsze standardy w zakresie przemys\u0142owej technologii po\u0142\u0105cze\u0144 \u015brubowych, zw\u0142aszcza w dziedzinie szkole\u0144 i edukacji.&nbsp;<\/span><span style=\"font-style: inherit; font-weight: inherit;\">Przysz\u0142a wsp\u00f3\u0142praca przyniesie wiele korzy\u015bci wszystkim cz\u0142onkom i certyfikowanym trenerom VQWS e.V., w tym mo\u017cliwo\u015b\u0107 dost\u0119pu do obowi\u0105zuj\u0105cych przepis\u00f3w technicznych.<\/span><\/p>\t\t\t\t\t\t\t\t<\/div>\n\t\t\t\t<\/div>\n\t\t\t\t\t<\/div>\n\t\t<\/div>\n\t\t\t\t\t<\/div>\n\t\t<\/section>\n\t\t\t\t<\/div>\n\t\t","protected":false},"excerpt":{"rendered":"<p>WSP\u00d3\u0141PRACA Vogel Communications Group &#8211; z siedzib\u0105 w W\u00fcrzburgu &#8211; jest wiod\u0105cym niemieckim dostawc\u0105 specjalistycznych us\u0142ug komunikacyjnych dla przemys\u0142u, zatrudniaj\u0105cym oko\u0142o 700 pracownik\u00f3w. Jej podstawowa dzia\u0142alno\u015b\u0107 obejmuje us\u0142ugi agencyjne oraz media specjalistyczne. 27 kwietnia 2022 r., w uroczystej atmosferze, podpisano umow\u0119 o wsp\u00f3\u0142pracy z tym profesjonalnym partnerem medialnym. Od tego czasu Vogel Communications Group i [&hellip;]<\/p>\n","protected":false},"author":1,"featured_media":0,"parent":0,"menu_order":0,"comment_status":"closed","ping_status":"closed","template":"","meta":{"_acf_changed":false,"site-sidebar-layout":"no-sidebar","site-content-layout":"page-builder","ast-site-content-layout":"default","site-content-style":"default","site-sidebar-style":"default","ast-global-header-display":"","ast-banner-title-visibility":"","ast-main-header-display":"","ast-hfb-above-header-display":"","ast-hfb-below-header-display":"","ast-hfb-mobile-header-display":"","site-post-title":"disabled","ast-breadcrumbs-content":"","ast-featured-img":"disabled","footer-sml-layout":"","ast-disable-related-posts":"","theme-transparent-header-meta":"default","adv-header-id-meta":"","stick-header-meta":"","header-above-stick-meta":"","header-main-stick-meta":"","header-below-stick-meta":"","astra-migrate-meta-layouts":"set","ast-page-background-enabled":"default","ast-page-background-meta":{"desktop":{"background-color":"var(--ast-global-color-4)","background-image":"","background-repeat":"repeat","background-position":"center center","background-size":"auto","background-attachment":"scroll","background-type":"","background-media":"","overlay-type":"","overlay-color":"","overlay-opacity":"","overlay-gradient":""},"tablet":{"background-color":"","background-image":"","background-repeat":"repeat","background-position":"center center","background-size":"auto","background-attachment":"scroll","background-type":"","background-media":"","overlay-type":"","overlay-color":"","overlay-opacity":"","overlay-gradient":""},"mobile":{"background-color":"","background-image":"","background-repeat":"repeat","background-position":"center center","background-size":"auto","background-attachment":"scroll","background-type":"","background-media":"","overlay-type":"","overlay-color":"","overlay-opacity":"","overlay-gradient":""}},"ast-content-background-meta":{"desktop":{"background-color":"var(--ast-global-color-5)","background-image":"","background-repeat":"repeat","background-position":"center center","background-size":"auto","background-attachment":"scroll","background-type":"","background-media":"","overlay-type":"","overlay-color":"","overlay-opacity":"","overlay-gradient":""},"tablet":{"background-color":"var(--ast-global-color-5)","background-image":"","background-repeat":"repeat","background-position":"center center","background-size":"auto","background-attachment":"scroll","background-type":"","background-media":"","overlay-type":"","overlay-color":"","overlay-opacity":"","overlay-gradient":""},"mobile":{"background-color":"var(--ast-global-color-5)","background-image":"","background-repeat":"repeat","background-position":"center center","background-size":"auto","background-attachment":"scroll","background-type":"","background-media":"","overlay-type":"","overlay-color":"","overlay-opacity":"","overlay-gradient":""}},"footnotes":""},"class_list":["post-5305","page","type-page","status-publish","hentry"],"acf":[],"yoast_head":"<!-- This site is optimized with the Yoast SEO plugin v27.4 - https:\/\/yoast.com\/product\/yoast-seo-wordpress\/ -->\n<title>WSP\u00d3\u0141PRACA - VQWS<\/title>\n<meta name=\"description\" content=\"Erfahren Sie mehr \u00fcber die Kooperationspartner des Verband f\u00fcr Qualifikation und Wissenstransfer in der Schraubtechnik e.V.\" \/>\n<meta name=\"robots\" content=\"index, follow, max-snippet:-1, max-image-preview:large, max-video-preview:-1\" \/>\n<link rel=\"canonical\" href=\"https:\/\/vqws.de\/pl\/wspolpraca\/\" \/>\n<meta property=\"og:locale\" content=\"pl_PL\" \/>\n<meta property=\"og:type\" content=\"article\" \/>\n<meta property=\"og:title\" content=\"WSP\u00d3\u0141PRACA - VQWS\" \/>\n<meta property=\"og:description\" content=\"Erfahren Sie mehr \u00fcber die Kooperationspartner des Verband f\u00fcr Qualifikation und Wissenstransfer in der Schraubtechnik e.V.\" \/>\n<meta property=\"og:url\" content=\"https:\/\/vqws.de\/pl\/wspolpraca\/\" \/>\n<meta property=\"og:site_name\" content=\"VQWS\" \/>\n<meta property=\"article:modified_time\" content=\"2025-09-05T13:08:14+00:00\" \/>\n<meta property=\"og:image\" content=\"https:\/\/vqws.de\/wp-content\/uploads\/vogel-logo.webp\" \/>\n\t<meta property=\"og:image:width\" content=\"727\" \/>\n\t<meta property=\"og:image:height\" content=\"126\" \/>\n\t<meta property=\"og:image:type\" content=\"image\/webp\" \/>\n<meta name=\"twitter:card\" content=\"summary_large_image\" \/>\n<meta name=\"twitter:label1\" content=\"Szacowany czas czytania\" \/>\n\t<meta name=\"twitter:data1\" content=\"2 minuty\" \/>\n<script type=\"application\/ld+json\" class=\"yoast-schema-graph\">{\"@context\":\"https:\\\/\\\/schema.org\",\"@graph\":[{\"@type\":\"WebPage\",\"@id\":\"https:\\\/\\\/vqws.de\\\/pl\\\/wspolpraca\\\/\",\"url\":\"https:\\\/\\\/vqws.de\\\/pl\\\/wspolpraca\\\/\",\"name\":\"WSP\u00d3\u0141PRACA - VQWS\",\"isPartOf\":{\"@id\":\"https:\\\/\\\/vqws.de\\\/#website\"},\"primaryImageOfPage\":{\"@id\":\"https:\\\/\\\/vqws.de\\\/pl\\\/wspolpraca\\\/#primaryimage\"},\"image\":{\"@id\":\"https:\\\/\\\/vqws.de\\\/pl\\\/wspolpraca\\\/#primaryimage\"},\"thumbnailUrl\":\"https:\\\/\\\/vqws.de\\\/wp-content\\\/uploads\\\/vogel-logo.webp\",\"datePublished\":\"2022-04-04T13:13:50+00:00\",\"dateModified\":\"2025-09-05T13:08:14+00:00\",\"description\":\"Erfahren Sie mehr \u00fcber die Kooperationspartner des Verband f\u00fcr Qualifikation und Wissenstransfer in der Schraubtechnik e.V.\",\"breadcrumb\":{\"@id\":\"https:\\\/\\\/vqws.de\\\/pl\\\/wspolpraca\\\/#breadcrumb\"},\"inLanguage\":\"pl-PL\",\"potentialAction\":[{\"@type\":\"ReadAction\",\"target\":[\"https:\\\/\\\/vqws.de\\\/pl\\\/wspolpraca\\\/\"]}]},{\"@type\":\"ImageObject\",\"inLanguage\":\"pl-PL\",\"@id\":\"https:\\\/\\\/vqws.de\\\/pl\\\/wspolpraca\\\/#primaryimage\",\"url\":\"https:\\\/\\\/vqws.de\\\/wp-content\\\/uploads\\\/vogel-logo.webp\",\"contentUrl\":\"https:\\\/\\\/vqws.de\\\/wp-content\\\/uploads\\\/vogel-logo.webp\"},{\"@type\":\"BreadcrumbList\",\"@id\":\"https:\\\/\\\/vqws.de\\\/pl\\\/wspolpraca\\\/#breadcrumb\",\"itemListElement\":[{\"@type\":\"ListItem\",\"position\":1,\"name\":\"Startseite\",\"item\":\"https:\\\/\\\/vqws.de\\\/pl\\\/\"},{\"@type\":\"ListItem\",\"position\":2,\"name\":\"WSP\u00d3\u0141PRACA\"}]},{\"@type\":\"WebSite\",\"@id\":\"https:\\\/\\\/vqws.de\\\/#website\",\"url\":\"https:\\\/\\\/vqws.de\\\/\",\"name\":\"VQWS\",\"description\":\"Verband f\u00fcr Qualifikation und Wissenstransfer in der Schraubtechnik e.V.\",\"potentialAction\":[{\"@type\":\"SearchAction\",\"target\":{\"@type\":\"EntryPoint\",\"urlTemplate\":\"https:\\\/\\\/vqws.de\\\/?s={search_term_string}\"},\"query-input\":{\"@type\":\"PropertyValueSpecification\",\"valueRequired\":true,\"valueName\":\"search_term_string\"}}],\"inLanguage\":\"pl-PL\"}]}<\/script>\n<!-- \/ Yoast SEO plugin. -->","yoast_head_json":{"title":"WSP\u00d3\u0141PRACA - VQWS","description":"Erfahren Sie mehr \u00fcber die Kooperationspartner des Verband f\u00fcr Qualifikation und Wissenstransfer in der Schraubtechnik e.V.","robots":{"index":"index","follow":"follow","max-snippet":"max-snippet:-1","max-image-preview":"max-image-preview:large","max-video-preview":"max-video-preview:-1"},"canonical":"https:\/\/vqws.de\/pl\/wspolpraca\/","og_locale":"pl_PL","og_type":"article","og_title":"WSP\u00d3\u0141PRACA - VQWS","og_description":"Erfahren Sie mehr \u00fcber die Kooperationspartner des Verband f\u00fcr Qualifikation und Wissenstransfer in der Schraubtechnik e.V.","og_url":"https:\/\/vqws.de\/pl\/wspolpraca\/","og_site_name":"VQWS","article_modified_time":"2025-09-05T13:08:14+00:00","og_image":[{"width":727,"height":126,"url":"https:\/\/vqws.de\/wp-content\/uploads\/vogel-logo.webp","type":"image\/webp"}],"twitter_card":"summary_large_image","twitter_misc":{"Szacowany czas czytania":"2 minuty"},"schema":{"@context":"https:\/\/schema.org","@graph":[{"@type":"WebPage","@id":"https:\/\/vqws.de\/pl\/wspolpraca\/","url":"https:\/\/vqws.de\/pl\/wspolpraca\/","name":"WSP\u00d3\u0141PRACA - VQWS","isPartOf":{"@id":"https:\/\/vqws.de\/#website"},"primaryImageOfPage":{"@id":"https:\/\/vqws.de\/pl\/wspolpraca\/#primaryimage"},"image":{"@id":"https:\/\/vqws.de\/pl\/wspolpraca\/#primaryimage"},"thumbnailUrl":"https:\/\/vqws.de\/wp-content\/uploads\/vogel-logo.webp","datePublished":"2022-04-04T13:13:50+00:00","dateModified":"2025-09-05T13:08:14+00:00","description":"Erfahren Sie mehr \u00fcber die Kooperationspartner des Verband f\u00fcr Qualifikation und Wissenstransfer in der Schraubtechnik e.V.","breadcrumb":{"@id":"https:\/\/vqws.de\/pl\/wspolpraca\/#breadcrumb"},"inLanguage":"pl-PL","potentialAction":[{"@type":"ReadAction","target":["https:\/\/vqws.de\/pl\/wspolpraca\/"]}]},{"@type":"ImageObject","inLanguage":"pl-PL","@id":"https:\/\/vqws.de\/pl\/wspolpraca\/#primaryimage","url":"https:\/\/vqws.de\/wp-content\/uploads\/vogel-logo.webp","contentUrl":"https:\/\/vqws.de\/wp-content\/uploads\/vogel-logo.webp"},{"@type":"BreadcrumbList","@id":"https:\/\/vqws.de\/pl\/wspolpraca\/#breadcrumb","itemListElement":[{"@type":"ListItem","position":1,"name":"Startseite","item":"https:\/\/vqws.de\/pl\/"},{"@type":"ListItem","position":2,"name":"WSP\u00d3\u0141PRACA"}]},{"@type":"WebSite","@id":"https:\/\/vqws.de\/#website","url":"https:\/\/vqws.de\/","name":"VQWS","description":"Verband f\u00fcr Qualifikation und Wissenstransfer in der Schraubtechnik e.V.","potentialAction":[{"@type":"SearchAction","target":{"@type":"EntryPoint","urlTemplate":"https:\/\/vqws.de\/?s={search_term_string}"},"query-input":{"@type":"PropertyValueSpecification","valueRequired":true,"valueName":"search_term_string"}}],"inLanguage":"pl-PL"}]}},"_links":{"self":[{"href":"https:\/\/vqws.de\/pl\/wp-json\/wp\/v2\/pages\/5305","targetHints":{"allow":["GET"]}}],"collection":[{"href":"https:\/\/vqws.de\/pl\/wp-json\/wp\/v2\/pages"}],"about":[{"href":"https:\/\/vqws.de\/pl\/wp-json\/wp\/v2\/types\/page"}],"author":[{"embeddable":true,"href":"https:\/\/vqws.de\/pl\/wp-json\/wp\/v2\/users\/1"}],"replies":[{"embeddable":true,"href":"https:\/\/vqws.de\/pl\/wp-json\/wp\/v2\/comments?post=5305"}],"version-history":[{"count":10,"href":"https:\/\/vqws.de\/pl\/wp-json\/wp\/v2\/pages\/5305\/revisions"}],"predecessor-version":[{"id":5384,"href":"https:\/\/vqws.de\/pl\/wp-json\/wp\/v2\/pages\/5305\/revisions\/5384"}],"wp:attachment":[{"href":"https:\/\/vqws.de\/pl\/wp-json\/wp\/v2\/media?parent=5305"}],"curies":[{"name":"wp","href":"https:\/\/api.w.org\/{rel}","templated":true}]}}