{"id":5204,"date":"2022-04-04T13:15:58","date_gmt":"2022-04-04T13:15:58","guid":{"rendered":"https:\/\/vqws.de\/startseite\/"},"modified":"2025-09-10T07:02:28","modified_gmt":"2025-09-10T07:02:28","slug":"startseite","status":"publish","type":"page","link":"https:\/\/vqws.de\/pl\/","title":{"rendered":"Startseite"},"content":{"rendered":"\t\t<div data-elementor-type=\"wp-page\" data-elementor-id=\"5204\" class=\"elementor elementor-5204 elementor-22\" data-elementor-post-type=\"page\">\n\t\t\t\t\t\t<section class=\"elementor-section elementor-top-section elementor-element elementor-element-667fd82 elementor-section-boxed elementor-section-height-default elementor-section-height-default\" data-id=\"667fd82\" data-element_type=\"section\" data-e-type=\"section\" data-settings=\"{&quot;background_background&quot;:&quot;classic&quot;}\">\n\t\t\t\t\t\t\t<div class=\"elementor-background-overlay\"><\/div>\n\t\t\t\t\t\t\t<div class=\"elementor-container elementor-column-gap-default\">\n\t\t\t\t\t<div class=\"elementor-column elementor-col-100 elementor-top-column elementor-element elementor-element-fdd4ffa\" data-id=\"fdd4ffa\" data-element_type=\"column\" data-e-type=\"column\">\n\t\t\t<div class=\"elementor-widget-wrap elementor-element-populated\">\n\t\t\t\t\t\t<div class=\"elementor-element elementor-element-bbe7c72 elementor-invisible elementor-widget elementor-widget-image\" data-id=\"bbe7c72\" data-element_type=\"widget\" data-e-type=\"widget\" data-settings=\"{&quot;_animation&quot;:&quot;fadeIn&quot;}\" data-widget_type=\"image.default\">\n\t\t\t\t<div class=\"elementor-widget-container\">\n\t\t\t\t\t\t\t\t\t\t\t\t\t\t\t<img fetchpriority=\"high\" decoding=\"async\" width=\"1000\" height=\"615\" src=\"https:\/\/vqws.de\/wp-content\/uploads\/vqws-website-header-pl-2.jpg\" class=\"attachment-large size-large wp-image-5420\" alt=\"\" srcset=\"https:\/\/vqws.de\/wp-content\/uploads\/vqws-website-header-pl-2.jpg 1000w, https:\/\/vqws.de\/wp-content\/uploads\/vqws-website-header-pl-2-300x185.jpg 300w, https:\/\/vqws.de\/wp-content\/uploads\/vqws-website-header-pl-2-768x472.jpg 768w\" sizes=\"(max-width: 1000px) 100vw, 1000px\" \/>\t\t\t\t\t\t\t\t\t\t\t\t\t\t\t<\/div>\n\t\t\t\t<\/div>\n\t\t\t\t\t<\/div>\n\t\t<\/div>\n\t\t\t\t\t<\/div>\n\t\t<\/section>\n\t\t\t\t<section class=\"elementor-section elementor-top-section elementor-element elementor-element-9d726a0 elementor-hidden-desktop elementor-hidden-tablet elementor-hidden-mobile elementor-section-boxed elementor-section-height-default elementor-section-height-default elementor-invisible\" data-id=\"9d726a0\" data-element_type=\"section\" data-e-type=\"section\" data-settings=\"{&quot;animation&quot;:&quot;bounceInUp&quot;}\">\n\t\t\t\t\t\t<div class=\"elementor-container elementor-column-gap-default\">\n\t\t\t\t\t<div class=\"elementor-column elementor-col-100 elementor-top-column elementor-element elementor-element-52c4ffa\" data-id=\"52c4ffa\" data-element_type=\"column\" data-e-type=\"column\">\n\t\t\t<div class=\"elementor-widget-wrap elementor-element-populated\">\n\t\t\t\t\t\t<div class=\"elementor-element elementor-element-a604d35 e-transform elementor-widget elementor-widget-text-editor\" data-id=\"a604d35\" data-element_type=\"widget\" data-e-type=\"widget\" data-settings=\"{&quot;_transform_rotateZ_effect&quot;:{&quot;unit&quot;:&quot;px&quot;,&quot;size&quot;:-3,&quot;sizes&quot;:[]},&quot;_transform_rotateZ_effect_tablet&quot;:{&quot;unit&quot;:&quot;deg&quot;,&quot;size&quot;:&quot;&quot;,&quot;sizes&quot;:[]},&quot;_transform_rotateZ_effect_mobile&quot;:{&quot;unit&quot;:&quot;deg&quot;,&quot;size&quot;:&quot;&quot;,&quot;sizes&quot;:[]}}\" data-widget_type=\"text-editor.default\">\n\t\t\t\t<div class=\"elementor-widget-container\">\n\t\t\t\t\t\t\t\t\t<p><a href=\"https:\/\/www.schraubtec.com\/\" target=\"_blank\" rel=\"noopener\"><img decoding=\"async\" class=\"alignnone size-full wp-image-621\" src=\"https:\/\/vqws.de\/wp-content\/uploads\/news-image-3.jpg\" alt=\"\" width=\"197\" height=\"115\" \/><\/a><\/p><p>SchraubTec Dresden am 17.11.2022\u00a0<br \/>Wir sind dabei!<\/p>\t\t\t\t\t\t\t\t<\/div>\n\t\t\t\t<\/div>\n\t\t\t\t\t<\/div>\n\t\t<\/div>\n\t\t\t\t\t<\/div>\n\t\t<\/section>\n\t\t\t\t<section class=\"elementor-section elementor-top-section elementor-element elementor-element-31bb7a5 elementor-section-stretched elementor-section-boxed elementor-section-height-default elementor-section-height-default\" data-id=\"31bb7a5\" data-element_type=\"section\" data-e-type=\"section\" data-settings=\"{&quot;stretch_section&quot;:&quot;section-stretched&quot;,&quot;background_background&quot;:&quot;classic&quot;}\">\n\t\t\t\t\t\t<div class=\"elementor-container elementor-column-gap-default\">\n\t\t\t\t\t<div class=\"elementor-column elementor-col-100 elementor-top-column elementor-element elementor-element-d9bb483\" data-id=\"d9bb483\" data-element_type=\"column\" data-e-type=\"column\">\n\t\t\t<div class=\"elementor-widget-wrap elementor-element-populated\">\n\t\t\t\t\t\t<div class=\"elementor-element elementor-element-9da3ae8 elementor-invisible elementor-widget elementor-widget-heading\" data-id=\"9da3ae8\" data-element_type=\"widget\" data-e-type=\"widget\" data-settings=\"{&quot;_animation&quot;:&quot;fadeInUp&quot;}\" data-widget_type=\"heading.default\">\n\t\t\t\t<div class=\"elementor-widget-container\">\n\t\t\t\t\t<h1 class=\"elementor-heading-title elementor-size-default\">Verband f\u00fcr Qualifikation und Wissenstransfer \nin der Schraubtechnik e.V. <\/h1>\t\t\t\t<\/div>\n\t\t\t\t<\/div>\n\t\t\t\t<div class=\"elementor-element elementor-element-4c3f4a0 elementor-invisible elementor-widget elementor-widget-text-editor\" data-id=\"4c3f4a0\" data-element_type=\"widget\" data-e-type=\"widget\" data-settings=\"{&quot;_animation&quot;:&quot;fadeInUp&quot;}\" data-widget_type=\"text-editor.default\">\n\t\t\t\t<div class=\"elementor-widget-container\">\n\t\t\t\t\t\t\t\t\t<p>Wraz z przyj\u0119ciem dyrektywy VDI\/VDE MT 2637-1 pod koniec 2018 r. wype\u0142niono kolejn\u0105 luk\u0119. Po raz pierwszy powsta\u0142a miarodajna norma opisuj\u0105ca, w jaki spos\u00f3b personel zajmuj\u0105cy si\u0119 technologi\u0105 po\u0142\u0105cze\u0144 \u015brubowych powinien by\u0107 celowo i adekwatnie do zada\u0144 kwalifikowany. Aby zapewni\u0107 wysoki poziom kwalifikacji, do ko\u0144ca 2021 r. okre\u015blono wymagania dotycz\u0105ce profili trener\u00f3w oraz konieczno\u015b\u0107 certyfikacji przez niezale\u017cn\u0105 jednostk\u0119.<\/p><p>VQWS, jako instytucja certyfikuj\u0105ca, w przysz\u0142o\u015bci przejmie zadania certyfikacyjne; w tym celu zosta\u0142a za\u0142o\u017cona w grudniu 2021 r. w Augsburgu.<\/p>\t\t\t\t\t\t\t\t<\/div>\n\t\t\t\t<\/div>\n\t\t\t\t\t<\/div>\n\t\t<\/div>\n\t\t\t\t\t<\/div>\n\t\t<\/section>\n\t\t\t\t<section class=\"elementor-section elementor-top-section elementor-element elementor-element-d398bf5 elementor-section-stretched elementor-section-boxed elementor-section-height-default elementor-section-height-default\" data-id=\"d398bf5\" data-element_type=\"section\" data-e-type=\"section\" data-settings=\"{&quot;stretch_section&quot;:&quot;section-stretched&quot;,&quot;background_background&quot;:&quot;classic&quot;}\">\n\t\t\t\t\t\t<div class=\"elementor-container elementor-column-gap-no\">\n\t\t\t\t\t<div class=\"elementor-column elementor-col-100 elementor-top-column elementor-element elementor-element-1351d6c\" data-id=\"1351d6c\" data-element_type=\"column\" data-e-type=\"column\">\n\t\t\t<div class=\"elementor-widget-wrap elementor-element-populated\">\n\t\t\t\t\t\t<div class=\"elementor-element elementor-element-bbabd1d elementor-arrows-position-inside elementor-pagination-position-outside elementor-widget elementor-widget-image-carousel\" data-id=\"bbabd1d\" data-element_type=\"widget\" data-e-type=\"widget\" data-settings=\"{&quot;slides_to_show&quot;:&quot;1&quot;,&quot;navigation&quot;:&quot;both&quot;,&quot;autoplay&quot;:&quot;yes&quot;,&quot;pause_on_hover&quot;:&quot;yes&quot;,&quot;pause_on_interaction&quot;:&quot;yes&quot;,&quot;autoplay_speed&quot;:5000,&quot;infinite&quot;:&quot;yes&quot;,&quot;effect&quot;:&quot;slide&quot;,&quot;speed&quot;:500}\" data-widget_type=\"image-carousel.default\">\n\t\t\t\t<div class=\"elementor-widget-container\">\n\t\t\t\t\t\t\t<div class=\"elementor-image-carousel-wrapper swiper\" role=\"region\" aria-roledescription=\"carousel\" aria-label=\"Image Carousel\" dir=\"ltr\">\n\t\t\t<div class=\"elementor-image-carousel swiper-wrapper\" aria-live=\"off\">\n\t\t\t\t\t\t\t\t<div class=\"swiper-slide\" role=\"group\" aria-roledescription=\"slide\" aria-label=\"1 z 10\"><figure class=\"swiper-slide-inner\"><img decoding=\"async\" class=\"swiper-slide-image\" src=\"https:\/\/vqws.de\/wp-content\/uploads\/gruppe-vqws-parallax-1.jpg\" alt=\"Gruppe VQWS\" \/><\/figure><\/div><div class=\"swiper-slide\" role=\"group\" aria-roledescription=\"slide\" aria-label=\"2 z 10\"><figure class=\"swiper-slide-inner\"><img decoding=\"async\" class=\"swiper-slide-image\" src=\"https:\/\/vqws.de\/wp-content\/uploads\/IMG_5389.jpg\" alt=\"Gruppe VQWS\" \/><\/figure><\/div><div class=\"swiper-slide\" role=\"group\" aria-roledescription=\"slide\" aria-label=\"3 z 10\"><figure class=\"swiper-slide-inner\"><img decoding=\"async\" class=\"swiper-slide-image\" src=\"https:\/\/vqws.de\/wp-content\/uploads\/IMG_5297.jpg\" alt=\"Gruppe VQWS\" \/><\/figure><\/div><div class=\"swiper-slide\" role=\"group\" aria-roledescription=\"slide\" aria-label=\"4 z 10\"><figure class=\"swiper-slide-inner\"><img decoding=\"async\" class=\"swiper-slide-image\" src=\"https:\/\/vqws.de\/wp-content\/uploads\/IMG_5268.jpg\" alt=\"Gruppe VQWS\" \/><\/figure><\/div><div class=\"swiper-slide\" role=\"group\" aria-roledescription=\"slide\" aria-label=\"5 z 10\"><figure class=\"swiper-slide-inner\"><img decoding=\"async\" class=\"swiper-slide-image\" src=\"https:\/\/vqws.de\/wp-content\/uploads\/IMG_5296.jpg\" alt=\"Gruppe VQWS\" \/><\/figure><\/div><div class=\"swiper-slide\" role=\"group\" aria-roledescription=\"slide\" aria-label=\"6 z 10\"><figure class=\"swiper-slide-inner\"><img decoding=\"async\" class=\"swiper-slide-image\" src=\"https:\/\/vqws.de\/wp-content\/uploads\/IMG_5304.jpg\" alt=\"Gruppe VQWS\" \/><\/figure><\/div><div class=\"swiper-slide\" role=\"group\" aria-roledescription=\"slide\" aria-label=\"7 z 10\"><figure class=\"swiper-slide-inner\"><img decoding=\"async\" class=\"swiper-slide-image\" src=\"https:\/\/vqws.de\/wp-content\/uploads\/IMG_5298.jpg\" alt=\"Gruppe VQWS\" \/><\/figure><\/div><div class=\"swiper-slide\" role=\"group\" aria-roledescription=\"slide\" aria-label=\"8 z 10\"><figure class=\"swiper-slide-inner\"><img decoding=\"async\" class=\"swiper-slide-image\" src=\"https:\/\/vqws.de\/wp-content\/uploads\/IMG_5302.jpg\" alt=\"Gruppe VQWS\" \/><\/figure><\/div><div class=\"swiper-slide\" role=\"group\" aria-roledescription=\"slide\" aria-label=\"9 z 10\"><figure class=\"swiper-slide-inner\"><img decoding=\"async\" class=\"swiper-slide-image\" src=\"https:\/\/vqws.de\/wp-content\/uploads\/IMG_5396.jpg\" alt=\"Gruppe VQWS\" \/><\/figure><\/div><div class=\"swiper-slide\" role=\"group\" aria-roledescription=\"slide\" aria-label=\"10 z 10\"><figure class=\"swiper-slide-inner\"><img decoding=\"async\" class=\"swiper-slide-image\" src=\"https:\/\/vqws.de\/wp-content\/uploads\/IMG_5395.jpg\" alt=\"Gruppe VQWS\" \/><\/figure><\/div>\t\t\t<\/div>\n\t\t\t\t\t\t\t\t\t\t\t\t<div class=\"elementor-swiper-button elementor-swiper-button-prev\" role=\"button\" tabindex=\"0\">\n\t\t\t\t\t\t<i aria-hidden=\"true\" class=\"eicon-chevron-left\"><\/i>\t\t\t\t\t<\/div>\n\t\t\t\t\t<div class=\"elementor-swiper-button elementor-swiper-button-next\" role=\"button\" tabindex=\"0\">\n\t\t\t\t\t\t<i aria-hidden=\"true\" class=\"eicon-chevron-right\"><\/i>\t\t\t\t\t<\/div>\n\t\t\t\t\n\t\t\t\t\t\t\t\t\t<div class=\"swiper-pagination\"><\/div>\n\t\t\t\t\t\t\t\t\t<\/div>\n\t\t\t\t\t\t<\/div>\n\t\t\t\t<\/div>\n\t\t\t\t\t<\/div>\n\t\t<\/div>\n\t\t\t\t\t<\/div>\n\t\t<\/section>\n\t\t\t\t<section class=\"elementor-section elementor-top-section elementor-element elementor-element-be085e4 elementor-section-stretched elementor-section-boxed elementor-section-height-default elementor-section-height-default\" data-id=\"be085e4\" data-element_type=\"section\" data-e-type=\"section\" data-settings=\"{&quot;stretch_section&quot;:&quot;section-stretched&quot;,&quot;background_background&quot;:&quot;classic&quot;}\">\n\t\t\t\t\t\t<div class=\"elementor-container elementor-column-gap-default\">\n\t\t\t\t\t<div class=\"elementor-column elementor-col-100 elementor-top-column elementor-element elementor-element-4e544e1\" data-id=\"4e544e1\" data-element_type=\"column\" data-e-type=\"column\">\n\t\t\t<div class=\"elementor-widget-wrap elementor-element-populated\">\n\t\t\t\t\t\t<div class=\"elementor-element elementor-element-9c90305 elementor-invisible elementor-widget elementor-widget-heading\" data-id=\"9c90305\" data-element_type=\"widget\" data-e-type=\"widget\" data-settings=\"{&quot;_animation&quot;:&quot;fadeInUp&quot;}\" data-widget_type=\"heading.default\">\n\t\t\t\t<div class=\"elementor-widget-container\">\n\t\t\t\t\t<h2 class=\"elementor-heading-title elementor-size-default\">FAQ<\/h2>\t\t\t\t<\/div>\n\t\t\t\t<\/div>\n\t\t\t\t<div class=\"elementor-element elementor-element-cbf7f61 elementor-invisible elementor-widget elementor-widget-text-editor\" data-id=\"cbf7f61\" data-element_type=\"widget\" data-e-type=\"widget\" data-settings=\"{&quot;_animation&quot;:&quot;fadeInUp&quot;}\" data-widget_type=\"text-editor.default\">\n\t\t\t\t<div class=\"elementor-widget-container\">\n\t\t\t\t\t\t\t\t\t<p style=\"text-align: center;\">Wi\u0119cej informacji na temat konkretnych cel\u00f3w i zada\u0144, organizacji oraz najwa\u017cniejszych wydarze\u0144 w historii Stowarzyszenia mo\u017cna znale\u017a\u0107 w wywiadzie z rzecznikiem VQWS, Rainerem Janecke.<\/p>\t\t\t\t\t\t\t\t<\/div>\n\t\t\t\t<\/div>\n\t\t\t\t<div class=\"elementor-element elementor-element-505eb55 elementor-align-center elementor-invisible elementor-widget elementor-widget-button\" data-id=\"505eb55\" data-element_type=\"widget\" data-e-type=\"widget\" data-settings=\"{&quot;_animation&quot;:&quot;bounceInUp&quot;}\" data-widget_type=\"button.default\">\n\t\t\t\t<div class=\"elementor-widget-container\">\n\t\t\t\t\t\t\t\t\t<div class=\"elementor-button-wrapper\">\n\t\t\t\t\t<a class=\"elementor-button elementor-button-link elementor-size-lg\" href=\"\/pl\/czesto-zadawane-pytania\/\">\n\t\t\t\t\t\t<span class=\"elementor-button-content-wrapper\">\n\t\t\t\t\t\t\t\t\t<span class=\"elementor-button-text\">Do FAQ<\/span>\n\t\t\t\t\t<\/span>\n\t\t\t\t\t<\/a>\n\t\t\t\t<\/div>\n\t\t\t\t\t\t\t\t<\/div>\n\t\t\t\t<\/div>\n\t\t\t\t\t<\/div>\n\t\t<\/div>\n\t\t\t\t\t<\/div>\n\t\t<\/section>\n\t\t\t\t<\/div>\n\t\t","protected":false},"excerpt":{"rendered":"<p>SchraubTec Dresden am 17.11.2022\u00a0Wir sind dabei! Verband f\u00fcr Qualifikation und Wissenstransfer in der Schraubtechnik e.V. Wraz z przyj\u0119ciem dyrektywy VDI\/VDE MT 2637-1 pod koniec 2018 r. wype\u0142niono kolejn\u0105 luk\u0119. Po raz pierwszy powsta\u0142a miarodajna norma opisuj\u0105ca, w jaki spos\u00f3b personel zajmuj\u0105cy si\u0119 technologi\u0105 po\u0142\u0105cze\u0144 \u015brubowych powinien by\u0107 celowo i adekwatnie do zada\u0144 kwalifikowany. Aby zapewni\u0107 [&hellip;]<\/p>\n","protected":false},"author":1,"featured_media":0,"parent":0,"menu_order":0,"comment_status":"closed","ping_status":"closed","template":"","meta":{"_acf_changed":false,"site-sidebar-layout":"no-sidebar","site-content-layout":"page-builder","ast-site-content-layout":"default","site-content-style":"default","site-sidebar-style":"default","ast-global-header-display":"","ast-banner-title-visibility":"","ast-main-header-display":"","ast-hfb-above-header-display":"","ast-hfb-below-header-display":"","ast-hfb-mobile-header-display":"","site-post-title":"","ast-breadcrumbs-content":"","ast-featured-img":"disabled","footer-sml-layout":"","ast-disable-related-posts":"","theme-transparent-header-meta":"default","adv-header-id-meta":"","stick-header-meta":"","header-above-stick-meta":"","header-main-stick-meta":"","header-below-stick-meta":"","astra-migrate-meta-layouts":"default","ast-page-background-enabled":"default","ast-page-background-meta":{"desktop":{"background-color":"var(--ast-global-color-4)","background-image":"","background-repeat":"repeat","background-position":"center center","background-size":"auto","background-attachment":"scroll","background-type":"","background-media":"","overlay-type":"","overlay-color":"","overlay-opacity":"","overlay-gradient":""},"tablet":{"background-color":"","background-image":"","background-repeat":"repeat","background-position":"center center","background-size":"auto","background-attachment":"scroll","background-type":"","background-media":"","overlay-type":"","overlay-color":"","overlay-opacity":"","overlay-gradient":""},"mobile":{"background-color":"","background-image":"","background-repeat":"repeat","background-position":"center center","background-size":"auto","background-attachment":"scroll","background-type":"","background-media":"","overlay-type":"","overlay-color":"","overlay-opacity":"","overlay-gradient":""}},"ast-content-background-meta":{"desktop":{"background-color":"var(--ast-global-color-5)","background-image":"","background-repeat":"repeat","background-position":"center center","background-size":"auto","background-attachment":"scroll","background-type":"","background-media":"","overlay-type":"","overlay-color":"","overlay-opacity":"","overlay-gradient":""},"tablet":{"background-color":"var(--ast-global-color-5)","background-image":"","background-repeat":"repeat","background-position":"center center","background-size":"auto","background-attachment":"scroll","background-type":"","background-media":"","overlay-type":"","overlay-color":"","overlay-opacity":"","overlay-gradient":""},"mobile":{"background-color":"var(--ast-global-color-5)","background-image":"","background-repeat":"repeat","background-position":"center center","background-size":"auto","background-attachment":"scroll","background-type":"","background-media":"","overlay-type":"","overlay-color":"","overlay-opacity":"","overlay-gradient":""}},"footnotes":""},"class_list":["post-5204","page","type-page","status-publish","hentry"],"acf":[],"yoast_head":"<!-- This site is optimized with the Yoast SEO plugin v27.4 - https:\/\/yoast.com\/product\/yoast-seo-wordpress\/ -->\n<title>Startseite - VQWS<\/title>\n<meta name=\"description\" content=\"Erfahren Sie alles rund um den Verband f\u00fcr Qualifikation und Wissenstransfer in der Schraubtechnik e.V.\" \/>\n<meta name=\"robots\" content=\"index, follow, max-snippet:-1, max-image-preview:large, max-video-preview:-1\" \/>\n<link rel=\"canonical\" href=\"https:\/\/vqws.de\/pl\/\" \/>\n<meta property=\"og:locale\" content=\"pl_PL\" \/>\n<meta property=\"og:type\" content=\"article\" \/>\n<meta property=\"og:title\" content=\"Startseite - VQWS\" \/>\n<meta property=\"og:description\" content=\"Erfahren Sie alles rund um den Verband f\u00fcr Qualifikation und Wissenstransfer in der Schraubtechnik e.V.\" \/>\n<meta property=\"og:url\" content=\"https:\/\/vqws.de\/pl\/\" \/>\n<meta property=\"og:site_name\" content=\"VQWS\" \/>\n<meta property=\"article:modified_time\" content=\"2025-09-10T07:02:28+00:00\" \/>\n<meta property=\"og:image\" content=\"https:\/\/vqws.de\/wp-content\/uploads\/vqws-website-header-pl-2.jpg\" \/>\n\t<meta property=\"og:image:width\" content=\"1000\" \/>\n\t<meta property=\"og:image:height\" content=\"615\" \/>\n\t<meta property=\"og:image:type\" content=\"image\/jpeg\" \/>\n<meta name=\"twitter:card\" content=\"summary_large_image\" \/>\n<meta name=\"twitter:label1\" content=\"Szacowany czas czytania\" \/>\n\t<meta name=\"twitter:data1\" content=\"4 minuty\" \/>\n<script type=\"application\/ld+json\" class=\"yoast-schema-graph\">{\"@context\":\"https:\\\/\\\/schema.org\",\"@graph\":[{\"@type\":\"WebPage\",\"@id\":\"https:\\\/\\\/vqws.de\\\/pl\\\/\",\"url\":\"https:\\\/\\\/vqws.de\\\/pl\\\/\",\"name\":\"Startseite - VQWS\",\"isPartOf\":{\"@id\":\"https:\\\/\\\/vqws.de\\\/#website\"},\"primaryImageOfPage\":{\"@id\":\"https:\\\/\\\/vqws.de\\\/pl\\\/#primaryimage\"},\"image\":{\"@id\":\"https:\\\/\\\/vqws.de\\\/pl\\\/#primaryimage\"},\"thumbnailUrl\":\"https:\\\/\\\/vqws.de\\\/wp-content\\\/uploads\\\/vqws-website-header-pl-2.jpg\",\"datePublished\":\"2022-04-04T13:15:58+00:00\",\"dateModified\":\"2025-09-10T07:02:28+00:00\",\"description\":\"Erfahren Sie alles rund um den Verband f\u00fcr Qualifikation und Wissenstransfer in der Schraubtechnik e.V.\",\"breadcrumb\":{\"@id\":\"https:\\\/\\\/vqws.de\\\/pl\\\/#breadcrumb\"},\"inLanguage\":\"pl-PL\",\"potentialAction\":[{\"@type\":\"ReadAction\",\"target\":[\"https:\\\/\\\/vqws.de\\\/pl\\\/\"]}]},{\"@type\":\"ImageObject\",\"inLanguage\":\"pl-PL\",\"@id\":\"https:\\\/\\\/vqws.de\\\/pl\\\/#primaryimage\",\"url\":\"https:\\\/\\\/vqws.de\\\/wp-content\\\/uploads\\\/vqws-website-header-pl-2.jpg\",\"contentUrl\":\"https:\\\/\\\/vqws.de\\\/wp-content\\\/uploads\\\/vqws-website-header-pl-2.jpg\"},{\"@type\":\"BreadcrumbList\",\"@id\":\"https:\\\/\\\/vqws.de\\\/pl\\\/#breadcrumb\",\"itemListElement\":[{\"@type\":\"ListItem\",\"position\":1,\"name\":\"Startseite\",\"item\":\"https:\\\/\\\/vqws.de\\\/pl\\\/\"},{\"@type\":\"ListItem\",\"position\":2,\"name\":\"Startseite\"}]},{\"@type\":\"WebSite\",\"@id\":\"https:\\\/\\\/vqws.de\\\/#website\",\"url\":\"https:\\\/\\\/vqws.de\\\/\",\"name\":\"VQWS\",\"description\":\"Verband f\u00fcr Qualifikation und Wissenstransfer in der Schraubtechnik e.V.\",\"potentialAction\":[{\"@type\":\"SearchAction\",\"target\":{\"@type\":\"EntryPoint\",\"urlTemplate\":\"https:\\\/\\\/vqws.de\\\/?s={search_term_string}\"},\"query-input\":{\"@type\":\"PropertyValueSpecification\",\"valueRequired\":true,\"valueName\":\"search_term_string\"}}],\"inLanguage\":\"pl-PL\"}]}<\/script>\n<!-- \/ Yoast SEO plugin. -->","yoast_head_json":{"title":"Startseite - VQWS","description":"Erfahren Sie alles rund um den Verband f\u00fcr Qualifikation und Wissenstransfer in der Schraubtechnik e.V.","robots":{"index":"index","follow":"follow","max-snippet":"max-snippet:-1","max-image-preview":"max-image-preview:large","max-video-preview":"max-video-preview:-1"},"canonical":"https:\/\/vqws.de\/pl\/","og_locale":"pl_PL","og_type":"article","og_title":"Startseite - VQWS","og_description":"Erfahren Sie alles rund um den Verband f\u00fcr Qualifikation und Wissenstransfer in der Schraubtechnik e.V.","og_url":"https:\/\/vqws.de\/pl\/","og_site_name":"VQWS","article_modified_time":"2025-09-10T07:02:28+00:00","og_image":[{"width":1000,"height":615,"url":"https:\/\/vqws.de\/wp-content\/uploads\/vqws-website-header-pl-2.jpg","type":"image\/jpeg"}],"twitter_card":"summary_large_image","twitter_misc":{"Szacowany czas czytania":"4 minuty"},"schema":{"@context":"https:\/\/schema.org","@graph":[{"@type":"WebPage","@id":"https:\/\/vqws.de\/pl\/","url":"https:\/\/vqws.de\/pl\/","name":"Startseite - VQWS","isPartOf":{"@id":"https:\/\/vqws.de\/#website"},"primaryImageOfPage":{"@id":"https:\/\/vqws.de\/pl\/#primaryimage"},"image":{"@id":"https:\/\/vqws.de\/pl\/#primaryimage"},"thumbnailUrl":"https:\/\/vqws.de\/wp-content\/uploads\/vqws-website-header-pl-2.jpg","datePublished":"2022-04-04T13:15:58+00:00","dateModified":"2025-09-10T07:02:28+00:00","description":"Erfahren Sie alles rund um den Verband f\u00fcr Qualifikation und Wissenstransfer in der Schraubtechnik e.V.","breadcrumb":{"@id":"https:\/\/vqws.de\/pl\/#breadcrumb"},"inLanguage":"pl-PL","potentialAction":[{"@type":"ReadAction","target":["https:\/\/vqws.de\/pl\/"]}]},{"@type":"ImageObject","inLanguage":"pl-PL","@id":"https:\/\/vqws.de\/pl\/#primaryimage","url":"https:\/\/vqws.de\/wp-content\/uploads\/vqws-website-header-pl-2.jpg","contentUrl":"https:\/\/vqws.de\/wp-content\/uploads\/vqws-website-header-pl-2.jpg"},{"@type":"BreadcrumbList","@id":"https:\/\/vqws.de\/pl\/#breadcrumb","itemListElement":[{"@type":"ListItem","position":1,"name":"Startseite","item":"https:\/\/vqws.de\/pl\/"},{"@type":"ListItem","position":2,"name":"Startseite"}]},{"@type":"WebSite","@id":"https:\/\/vqws.de\/#website","url":"https:\/\/vqws.de\/","name":"VQWS","description":"Verband f\u00fcr Qualifikation und Wissenstransfer in der Schraubtechnik e.V.","potentialAction":[{"@type":"SearchAction","target":{"@type":"EntryPoint","urlTemplate":"https:\/\/vqws.de\/?s={search_term_string}"},"query-input":{"@type":"PropertyValueSpecification","valueRequired":true,"valueName":"search_term_string"}}],"inLanguage":"pl-PL"}]}},"_links":{"self":[{"href":"https:\/\/vqws.de\/pl\/wp-json\/wp\/v2\/pages\/5204","targetHints":{"allow":["GET"]}}],"collection":[{"href":"https:\/\/vqws.de\/pl\/wp-json\/wp\/v2\/pages"}],"about":[{"href":"https:\/\/vqws.de\/pl\/wp-json\/wp\/v2\/types\/page"}],"author":[{"embeddable":true,"href":"https:\/\/vqws.de\/pl\/wp-json\/wp\/v2\/users\/1"}],"replies":[{"embeddable":true,"href":"https:\/\/vqws.de\/pl\/wp-json\/wp\/v2\/comments?post=5204"}],"version-history":[{"count":18,"href":"https:\/\/vqws.de\/pl\/wp-json\/wp\/v2\/pages\/5204\/revisions"}],"predecessor-version":[{"id":5425,"href":"https:\/\/vqws.de\/pl\/wp-json\/wp\/v2\/pages\/5204\/revisions\/5425"}],"wp:attachment":[{"href":"https:\/\/vqws.de\/pl\/wp-json\/wp\/v2\/media?parent=5204"}],"curies":[{"name":"wp","href":"https:\/\/api.w.org\/{rel}","templated":true}]}}